{"id":1102,"date":"2025-05-04T16:54:05","date_gmt":"2025-05-04T15:54:05","guid":{"rendered":"https:\/\/keynotelawyers.com\/lovisa-walikangas\/"},"modified":"2026-03-15T13:52:23","modified_gmt":"2026-03-15T12:52:23","slug":"lovisa-walikangas","status":"publish","type":"page","link":"https:\/\/keynotelawyers.com\/sv\/om-oss\/lovisa-walikangas\/","title":{"rendered":"Lovisa W\u00e4likangas"},"content":{"rendered":"\t\t<div data-elementor-type=\"wp-page\" data-elementor-id=\"1102\" class=\"elementor elementor-1102 elementor-925\" data-elementor-post-type=\"page\">\n\t\t\t\t<div class=\"elementor-element elementor-element-7276bc9 e-flex e-con-boxed e-con e-parent\" data-id=\"7276bc9\" data-element_type=\"container\" data-e-type=\"container\">\n\t\t\t\t\t<div class=\"e-con-inner\">\n\t\t\t\t<div class=\"elementor-element elementor-element-d890409 elementor-widget elementor-widget-image\" data-id=\"d890409\" data-element_type=\"widget\" data-e-type=\"widget\" data-widget_type=\"image.default\">\n\t\t\t\t<div class=\"elementor-widget-container\">\n\t\t\t\t\t\t\t\t\t\t\t\t\t\t\t<img fetchpriority=\"high\" decoding=\"async\" width=\"800\" height=\"450\" src=\"https:\/\/keynotelawyers.com\/wp-content\/uploads\/2025\/05\/Lovisa_Walikangas-1024x576.webp\" class=\"attachment-large size-large wp-image-916\" alt=\"Robert W\u00e4likangas och Lovisa W\u00e4likangas, Keynote Lawyers\" srcset=\"https:\/\/keynotelawyers.com\/wp-content\/uploads\/2025\/05\/Lovisa_Walikangas-1024x576.webp 1024w, https:\/\/keynotelawyers.com\/wp-content\/uploads\/2025\/05\/Lovisa_Walikangas-300x169.webp 300w, https:\/\/keynotelawyers.com\/wp-content\/uploads\/2025\/05\/Lovisa_Walikangas-768x432.webp 768w, https:\/\/keynotelawyers.com\/wp-content\/uploads\/2025\/05\/Lovisa_Walikangas-1536x864.webp 1536w, https:\/\/keynotelawyers.com\/wp-content\/uploads\/2025\/05\/Lovisa_Walikangas.webp 1920w\" sizes=\"(max-width: 800px) 100vw, 800px\" \/>\t\t\t\t\t\t\t\t\t\t\t\t\t\t\t<\/div>\n\t\t\t\t<\/div>\n\t\t\t\t<div class=\"elementor-element elementor-element-aab8f1b elementor-widget elementor-widget-text-editor\" data-id=\"aab8f1b\" data-element_type=\"widget\" data-e-type=\"widget\" data-widget_type=\"text-editor.default\">\n\t\t\t\t<div class=\"elementor-widget-container\">\n\t\t\t\t\t\t\t\t\t<p><strong><em>Lovisa W\u00e4likangas \u00e4r f\u00f6r n\u00e4rvarande tj\u00e4nstledig f\u00f6r domstolspraktik<\/em><\/strong><\/p>\t\t\t\t\t\t\t\t<\/div>\n\t\t\t\t<\/div>\n\t\t\t\t<div class=\"elementor-element elementor-element-f776d73 elementor-hidden-desktop elementor-hidden-tablet elementor-hidden-mobile elementor-widget elementor-widget-text-editor\" data-id=\"f776d73\" data-element_type=\"widget\" data-e-type=\"widget\" data-widget_type=\"text-editor.default\">\n\t\t\t\t<div class=\"elementor-widget-container\">\n\t\t\t\t\t\t\t\t\t<p>Lovisa W\u00e4likangas studerar f\u00f6r n\u00e4rvarande p\u00e5 juristprogrammet vid Ume\u00e5 universitet och tar \u00e4ven en magisterexamen i arbetsr\u00e4tt. Ut\u00f6ver sin juristutbildning har hon studerat statsvetenskap, vilket ger henne en gedigen tv\u00e4rvetenskaplig grund inom b\u00e5de juridik och politik. <\/p>\t\t\t\t\t\t\t\t<\/div>\n\t\t\t\t<\/div>\n\t\t\t\t<div class=\"elementor-element elementor-element-2e841b7 elementor-blockquote--skin-border elementor-widget elementor-widget-blockquote\" data-id=\"2e841b7\" data-element_type=\"widget\" data-e-type=\"widget\" data-widget_type=\"blockquote.default\">\n\t\t\t\t<div class=\"elementor-widget-container\">\n\t\t\t\t\t\t\t<blockquote class=\"elementor-blockquote\">\n\t\t\t<p class=\"elementor-blockquote__content\">\n\t\t\t\t\"Att arbeta p\u00e5 byr\u00e5n ger mig m\u00f6jlighet att kombinera min juridiska expertis och min praktiska erfarenhet f\u00f6r att bidra till v\u00e4lgrundade l\u00f6sningar f\u00f6r v\u00e5ra klienter.\"\t\t\t<\/p>\n\t\t\t\t\t<\/blockquote>\n\t\t\t\t\t\t<\/div>\n\t\t\t\t<\/div>\n\t\t\t\t<div class=\"elementor-element elementor-element-a1e2ce6 elementor-widget elementor-widget-text-editor\" data-id=\"a1e2ce6\" data-element_type=\"widget\" data-e-type=\"widget\" data-widget_type=\"text-editor.default\">\n\t\t\t\t<div class=\"elementor-widget-container\">\n\t\t\t\t\t\t\t\t\t<p>Lovisa har tidigare arbetat p\u00e5 b\u00e5de juridisk byr\u00e5 och vid statlig myndighet, vilket har gett henne erfarenhet och en gedigen f\u00f6rst\u00e5else f\u00f6r juridisk utredning och offentlig f\u00f6rvaltning.<\/p>\t\t\t\t\t\t\t\t<\/div>\n\t\t\t\t<\/div>\n\t\t\t\t<div class=\"elementor-element elementor-element-87ec121 elementor-widget-divider--view-line elementor-widget elementor-widget-divider\" data-id=\"87ec121\" data-element_type=\"widget\" data-e-type=\"widget\" data-widget_type=\"divider.default\">\n\t\t\t\t<div class=\"elementor-widget-container\">\n\t\t\t\t\t\t\t<div class=\"elementor-divider\">\n\t\t\t<span class=\"elementor-divider-separator\">\n\t\t\t\t\t\t<\/span>\n\t\t<\/div>\n\t\t\t\t\t\t<\/div>\n\t\t\t\t<\/div>\n\t\t\t\t<div class=\"elementor-element elementor-element-0c0496f elementor-widget elementor-widget-heading\" data-id=\"0c0496f\" data-element_type=\"widget\" data-e-type=\"widget\" data-widget_type=\"heading.default\">\n\t\t\t\t<div class=\"elementor-widget-container\">\n\t\t\t\t\t<h2 class=\"elementor-heading-title elementor-size-default\">Kontakta Lovisa: <\/h2>\t\t\t\t<\/div>\n\t\t\t\t<\/div>\n\t\t<div class=\"elementor-element elementor-element-2cf0fba e-grid e-con-full e-con e-child\" data-id=\"2cf0fba\" data-element_type=\"container\" data-e-type=\"container\">\n\t\t\t\t<div class=\"elementor-element elementor-element-ca7f560 elementor-align-justify elementor-tablet-align-justify elementor-widget elementor-widget-button\" data-id=\"ca7f560\" data-element_type=\"widget\" data-e-type=\"widget\" data-widget_type=\"button.default\">\n\t\t\t\t<div class=\"elementor-widget-container\">\n\t\t\t\t\t\t\t\t\t<div class=\"elementor-button-wrapper\">\n\t\t\t\t\t<a class=\"elementor-button elementor-button-link elementor-size-sm\" href=\"mailto:lovisa@wjuridik.se\">\n\t\t\t\t\t\t<span class=\"elementor-button-content-wrapper\">\n\t\t\t\t\t\t\t\t\t<span class=\"elementor-button-text\">E-post<\/span>\n\t\t\t\t\t<\/span>\n\t\t\t\t\t<\/a>\n\t\t\t\t<\/div>\n\t\t\t\t\t\t\t\t<\/div>\n\t\t\t\t<\/div>\n\t\t\t\t<div class=\"elementor-element elementor-element-39f9491 elementor-align-justify elementor-tablet-align-justify elementor-widget elementor-widget-button\" data-id=\"39f9491\" data-element_type=\"widget\" data-e-type=\"widget\" data-widget_type=\"button.default\">\n\t\t\t\t<div class=\"elementor-widget-container\">\n\t\t\t\t\t\t\t\t\t<div class=\"elementor-button-wrapper\">\n\t\t\t\t\t<a class=\"elementor-button elementor-button-link elementor-size-sm\" href=\"https:\/\/www.linkedin.com\/in\/lovisa-danielsson-w%C3%A4likangas-032148266\/\" target=\"_blank\" rel=\"nofollow\">\n\t\t\t\t\t\t<span class=\"elementor-button-content-wrapper\">\n\t\t\t\t\t\t\t\t\t<span class=\"elementor-button-text\">LinkedIn<\/span>\n\t\t\t\t\t<\/span>\n\t\t\t\t\t<\/a>\n\t\t\t\t<\/div>\n\t\t\t\t\t\t\t\t<\/div>\n\t\t\t\t<\/div>\n\t\t\t\t<div class=\"elementor-element elementor-element-1a152eb elementor-align-justify elementor-tablet-align-justify elementor-hidden-desktop elementor-hidden-tablet elementor-hidden-mobile elementor-widget elementor-widget-button\" data-id=\"1a152eb\" data-element_type=\"widget\" data-e-type=\"widget\" data-widget_type=\"button.default\">\n\t\t\t\t<div class=\"elementor-widget-container\">\n\t\t\t\t\t\t\t\t\t<div class=\"elementor-button-wrapper\">\n\t\t\t\t\t<a class=\"elementor-button elementor-button-link elementor-size-sm\" href=\"#\">\n\t\t\t\t\t\t<span class=\"elementor-button-content-wrapper\">\n\t\t\t\t\t\t\t\t\t<span class=\"elementor-button-text\">Ring xxx-xxxxx<\/span>\n\t\t\t\t\t<\/span>\n\t\t\t\t\t<\/a>\n\t\t\t\t<\/div>\n\t\t\t\t\t\t\t\t<\/div>\n\t\t\t\t<\/div>\n\t\t\t\t<\/div>\n\t\t\t\t\t<\/div>\n\t\t\t\t<\/div>\n\t\t<div class=\"elementor-element elementor-element-3831571 e-con-full e-flex elementor-invisible e-con e-child\" data-id=\"3831571\" data-element_type=\"container\" data-e-type=\"container\" data-settings=\"{&quot;animation&quot;:&quot;fadeIn&quot;,&quot;animation_delay&quot;:100}\">\n\t\t\t\t<\/div>\n\t\t\t\t<\/div>\n\t\t","protected":false},"excerpt":{"rendered":"<p>Lovisa W\u00e4likangas \u00e4r f\u00f6r n\u00e4rvarande tj\u00e4nstledig f\u00f6r domstolspraktik Lovisa W\u00e4likangas studerar f\u00f6r n\u00e4rvarande p\u00e5 juristprogrammet vid Ume\u00e5 universitet och tar \u00e4ven en magisterexamen i arbetsr\u00e4tt. Ut\u00f6ver sin juristutbildning har hon studerat statsvetenskap, vilket ger henne en gedigen tv\u00e4rvetenskaplig grund inom b\u00e5de juridik och politik. &#8221;Att arbeta p\u00e5 byr\u00e5n ger mig m\u00f6jlighet att kombinera min juridiska [&hellip;]<\/p>\n","protected":false},"author":1,"featured_media":884,"parent":1208,"menu_order":0,"comment_status":"closed","ping_status":"closed","template":"","meta":{"footnotes":""},"class_list":["post-1102","page","type-page","status-publish","has-post-thumbnail","hentry"],"yoast_head":"<!-- This site is optimized with the Yoast SEO plugin v27.2 - https:\/\/yoast.com\/product\/yoast-seo-wordpress\/ -->\n<title>Lovisa W\u00e4likangas - Keynote Lawyers<\/title>\n<meta name=\"robots\" content=\"index, follow, max-snippet:-1, max-image-preview:large, max-video-preview:-1\" \/>\n<link rel=\"canonical\" href=\"https:\/\/keynotelawyers.com\/sv\/om-oss\/lovisa-walikangas\/\" \/>\n<meta property=\"og:locale\" content=\"sv_SE\" \/>\n<meta property=\"og:type\" content=\"article\" \/>\n<meta property=\"og:title\" content=\"Lovisa W\u00e4likangas - Keynote Lawyers\" \/>\n<meta property=\"og:description\" content=\"Lovisa W\u00e4likangas \u00e4r f\u00f6r n\u00e4rvarande tj\u00e4nstledig f\u00f6r domstolspraktik Lovisa W\u00e4likangas studerar f\u00f6r n\u00e4rvarande p\u00e5 juristprogrammet vid Ume\u00e5 universitet och tar \u00e4ven en magisterexamen i arbetsr\u00e4tt. Ut\u00f6ver sin juristutbildning har hon studerat statsvetenskap, vilket ger henne en gedigen tv\u00e4rvetenskaplig grund inom b\u00e5de juridik och politik. &#8221;Att arbeta p\u00e5 byr\u00e5n ger mig m\u00f6jlighet att kombinera min juridiska [&hellip;]\" \/>\n<meta property=\"og:url\" content=\"https:\/\/keynotelawyers.com\/sv\/om-oss\/lovisa-walikangas\/\" \/>\n<meta property=\"og:site_name\" content=\"Keynote Lawyers\" \/>\n<meta property=\"article:modified_time\" content=\"2026-03-15T12:52:23+00:00\" \/>\n<meta property=\"og:image\" content=\"https:\/\/keynotelawyers.com\/wp-content\/uploads\/2025\/05\/contact_header.webp\" \/>\n\t<meta property=\"og:image:width\" content=\"1920\" \/>\n\t<meta property=\"og:image:height\" content=\"600\" \/>\n\t<meta property=\"og:image:type\" content=\"image\/webp\" \/>\n<meta name=\"twitter:card\" content=\"summary_large_image\" \/>\n<meta name=\"twitter:label1\" content=\"Ber\u00e4knad l\u00e4stid\" \/>\n\t<meta name=\"twitter:data1\" content=\"1 minut\" \/>\n<script type=\"application\/ld+json\" class=\"yoast-schema-graph\">{\"@context\":\"https:\/\/schema.org\",\"@graph\":[{\"@type\":\"WebPage\",\"@id\":\"https:\/\/keynotelawyers.com\/sv\/om-oss\/lovisa-walikangas\/\",\"url\":\"https:\/\/keynotelawyers.com\/sv\/om-oss\/lovisa-walikangas\/\",\"name\":\"Lovisa W\u00e4likangas - Keynote Lawyers\",\"isPartOf\":{\"@id\":\"https:\/\/keynotelawyers.com\/sv\/#website\"},\"primaryImageOfPage\":{\"@id\":\"https:\/\/keynotelawyers.com\/sv\/om-oss\/lovisa-walikangas\/#primaryimage\"},\"image\":{\"@id\":\"https:\/\/keynotelawyers.com\/sv\/om-oss\/lovisa-walikangas\/#primaryimage\"},\"thumbnailUrl\":\"https:\/\/keynotelawyers.com\/wp-content\/uploads\/2025\/05\/contact_header.webp\",\"datePublished\":\"2025-05-04T15:54:05+00:00\",\"dateModified\":\"2026-03-15T12:52:23+00:00\",\"breadcrumb\":{\"@id\":\"https:\/\/keynotelawyers.com\/sv\/om-oss\/lovisa-walikangas\/#breadcrumb\"},\"inLanguage\":\"sv-SE\",\"potentialAction\":[{\"@type\":\"ReadAction\",\"target\":[\"https:\/\/keynotelawyers.com\/sv\/om-oss\/lovisa-walikangas\/\"]}]},{\"@type\":\"ImageObject\",\"inLanguage\":\"sv-SE\",\"@id\":\"https:\/\/keynotelawyers.com\/sv\/om-oss\/lovisa-walikangas\/#primaryimage\",\"url\":\"https:\/\/keynotelawyers.com\/wp-content\/uploads\/2025\/05\/contact_header.webp\",\"contentUrl\":\"https:\/\/keynotelawyers.com\/wp-content\/uploads\/2025\/05\/contact_header.webp\",\"width\":1920,\"height\":600,\"caption\":\"Keynote Lawyers: Den juridiska byr\u00e5n f\u00f6r tech, telekom och energi\"},{\"@type\":\"BreadcrumbList\",\"@id\":\"https:\/\/keynotelawyers.com\/sv\/om-oss\/lovisa-walikangas\/#breadcrumb\",\"itemListElement\":[{\"@type\":\"ListItem\",\"position\":1,\"name\":\"Hem\",\"item\":\"https:\/\/keynotelawyers.com\/sv\/\"},{\"@type\":\"ListItem\",\"position\":2,\"name\":\"Om oss\",\"item\":\"https:\/\/keynotelawyers.com\/sv\/om-oss\/\"},{\"@type\":\"ListItem\",\"position\":3,\"name\":\"Lovisa W\u00e4likangas\"}]},{\"@type\":\"WebSite\",\"@id\":\"https:\/\/keynotelawyers.com\/sv\/#website\",\"url\":\"https:\/\/keynotelawyers.com\/sv\/\",\"name\":\"Keynote Lawyers\",\"description\":\"\",\"potentialAction\":[{\"@type\":\"SearchAction\",\"target\":{\"@type\":\"EntryPoint\",\"urlTemplate\":\"https:\/\/keynotelawyers.com\/sv\/?s={search_term_string}\"},\"query-input\":{\"@type\":\"PropertyValueSpecification\",\"valueRequired\":true,\"valueName\":\"search_term_string\"}}],\"inLanguage\":\"sv-SE\"}]}<\/script>\n<!-- \/ Yoast SEO plugin. -->","yoast_head_json":{"title":"Lovisa W\u00e4likangas - Keynote Lawyers","robots":{"index":"index","follow":"follow","max-snippet":"max-snippet:-1","max-image-preview":"max-image-preview:large","max-video-preview":"max-video-preview:-1"},"canonical":"https:\/\/keynotelawyers.com\/sv\/om-oss\/lovisa-walikangas\/","og_locale":"sv_SE","og_type":"article","og_title":"Lovisa W\u00e4likangas - Keynote Lawyers","og_description":"Lovisa W\u00e4likangas \u00e4r f\u00f6r n\u00e4rvarande tj\u00e4nstledig f\u00f6r domstolspraktik Lovisa W\u00e4likangas studerar f\u00f6r n\u00e4rvarande p\u00e5 juristprogrammet vid Ume\u00e5 universitet och tar \u00e4ven en magisterexamen i arbetsr\u00e4tt. Ut\u00f6ver sin juristutbildning har hon studerat statsvetenskap, vilket ger henne en gedigen tv\u00e4rvetenskaplig grund inom b\u00e5de juridik och politik. &#8221;Att arbeta p\u00e5 byr\u00e5n ger mig m\u00f6jlighet att kombinera min juridiska [&hellip;]","og_url":"https:\/\/keynotelawyers.com\/sv\/om-oss\/lovisa-walikangas\/","og_site_name":"Keynote Lawyers","article_modified_time":"2026-03-15T12:52:23+00:00","og_image":[{"width":1920,"height":600,"url":"https:\/\/keynotelawyers.com\/wp-content\/uploads\/2025\/05\/contact_header.webp","type":"image\/webp"}],"twitter_card":"summary_large_image","twitter_misc":{"Ber\u00e4knad l\u00e4stid":"1 minut"},"schema":{"@context":"https:\/\/schema.org","@graph":[{"@type":"WebPage","@id":"https:\/\/keynotelawyers.com\/sv\/om-oss\/lovisa-walikangas\/","url":"https:\/\/keynotelawyers.com\/sv\/om-oss\/lovisa-walikangas\/","name":"Lovisa W\u00e4likangas - Keynote Lawyers","isPartOf":{"@id":"https:\/\/keynotelawyers.com\/sv\/#website"},"primaryImageOfPage":{"@id":"https:\/\/keynotelawyers.com\/sv\/om-oss\/lovisa-walikangas\/#primaryimage"},"image":{"@id":"https:\/\/keynotelawyers.com\/sv\/om-oss\/lovisa-walikangas\/#primaryimage"},"thumbnailUrl":"https:\/\/keynotelawyers.com\/wp-content\/uploads\/2025\/05\/contact_header.webp","datePublished":"2025-05-04T15:54:05+00:00","dateModified":"2026-03-15T12:52:23+00:00","breadcrumb":{"@id":"https:\/\/keynotelawyers.com\/sv\/om-oss\/lovisa-walikangas\/#breadcrumb"},"inLanguage":"sv-SE","potentialAction":[{"@type":"ReadAction","target":["https:\/\/keynotelawyers.com\/sv\/om-oss\/lovisa-walikangas\/"]}]},{"@type":"ImageObject","inLanguage":"sv-SE","@id":"https:\/\/keynotelawyers.com\/sv\/om-oss\/lovisa-walikangas\/#primaryimage","url":"https:\/\/keynotelawyers.com\/wp-content\/uploads\/2025\/05\/contact_header.webp","contentUrl":"https:\/\/keynotelawyers.com\/wp-content\/uploads\/2025\/05\/contact_header.webp","width":1920,"height":600,"caption":"Keynote Lawyers: Den juridiska byr\u00e5n f\u00f6r tech, telekom och energi"},{"@type":"BreadcrumbList","@id":"https:\/\/keynotelawyers.com\/sv\/om-oss\/lovisa-walikangas\/#breadcrumb","itemListElement":[{"@type":"ListItem","position":1,"name":"Hem","item":"https:\/\/keynotelawyers.com\/sv\/"},{"@type":"ListItem","position":2,"name":"Om oss","item":"https:\/\/keynotelawyers.com\/sv\/om-oss\/"},{"@type":"ListItem","position":3,"name":"Lovisa W\u00e4likangas"}]},{"@type":"WebSite","@id":"https:\/\/keynotelawyers.com\/sv\/#website","url":"https:\/\/keynotelawyers.com\/sv\/","name":"Keynote Lawyers","description":"","potentialAction":[{"@type":"SearchAction","target":{"@type":"EntryPoint","urlTemplate":"https:\/\/keynotelawyers.com\/sv\/?s={search_term_string}"},"query-input":{"@type":"PropertyValueSpecification","valueRequired":true,"valueName":"search_term_string"}}],"inLanguage":"sv-SE"}]}},"_links":{"self":[{"href":"https:\/\/keynotelawyers.com\/sv\/wp-json\/wp\/v2\/pages\/1102","targetHints":{"allow":["GET"]}}],"collection":[{"href":"https:\/\/keynotelawyers.com\/sv\/wp-json\/wp\/v2\/pages"}],"about":[{"href":"https:\/\/keynotelawyers.com\/sv\/wp-json\/wp\/v2\/types\/page"}],"author":[{"embeddable":true,"href":"https:\/\/keynotelawyers.com\/sv\/wp-json\/wp\/v2\/users\/1"}],"replies":[{"embeddable":true,"href":"https:\/\/keynotelawyers.com\/sv\/wp-json\/wp\/v2\/comments?post=1102"}],"version-history":[{"count":15,"href":"https:\/\/keynotelawyers.com\/sv\/wp-json\/wp\/v2\/pages\/1102\/revisions"}],"predecessor-version":[{"id":2370,"href":"https:\/\/keynotelawyers.com\/sv\/wp-json\/wp\/v2\/pages\/1102\/revisions\/2370"}],"up":[{"embeddable":true,"href":"https:\/\/keynotelawyers.com\/sv\/wp-json\/wp\/v2\/pages\/1208"}],"wp:featuredmedia":[{"embeddable":true,"href":"https:\/\/keynotelawyers.com\/sv\/wp-json\/wp\/v2\/media\/884"}],"wp:attachment":[{"href":"https:\/\/keynotelawyers.com\/sv\/wp-json\/wp\/v2\/media?parent=1102"}],"curies":[{"name":"wp","href":"https:\/\/api.w.org\/{rel}","templated":true}]}}