{"id":1106,"date":"2025-05-04T16:52:11","date_gmt":"2025-05-04T15:52:11","guid":{"rendered":"https:\/\/keynotelawyers.com\/robert-walikangas\/"},"modified":"2026-03-18T08:59:11","modified_gmt":"2026-03-18T07:59:11","slug":"robert-walikangas","status":"publish","type":"page","link":"https:\/\/keynotelawyers.com\/sv\/om-oss\/robert-walikangas\/","title":{"rendered":"Robert W\u00e4likangas"},"content":{"rendered":"\t\t<div data-elementor-type=\"wp-page\" data-elementor-id=\"1106\" class=\"elementor elementor-1106 elementor-913\" data-elementor-post-type=\"page\">\n\t\t\t\t<div class=\"elementor-element elementor-element-7276bc9 e-flex e-con-boxed e-con e-parent\" data-id=\"7276bc9\" data-element_type=\"container\" data-e-type=\"container\">\n\t\t\t\t\t<div class=\"e-con-inner\">\n\t\t\t\t<div class=\"elementor-element elementor-element-d890409 elementor-widget elementor-widget-image\" data-id=\"d890409\" data-element_type=\"widget\" data-e-type=\"widget\" data-widget_type=\"image.default\">\n\t\t\t\t<div class=\"elementor-widget-container\">\n\t\t\t\t\t\t\t\t\t\t\t\t\t\t\t<img fetchpriority=\"high\" decoding=\"async\" width=\"800\" height=\"450\" src=\"https:\/\/keynotelawyers.com\/wp-content\/uploads\/2025\/05\/Robert_Walikangas-1024x576.webp\" class=\"attachment-large size-large wp-image-918\" alt=\"Robert W\u00e4likangas, partner, Keynote Lawyers\" srcset=\"https:\/\/keynotelawyers.com\/wp-content\/uploads\/2025\/05\/Robert_Walikangas-1024x576.webp 1024w, https:\/\/keynotelawyers.com\/wp-content\/uploads\/2025\/05\/Robert_Walikangas-300x169.webp 300w, https:\/\/keynotelawyers.com\/wp-content\/uploads\/2025\/05\/Robert_Walikangas-768x432.webp 768w, https:\/\/keynotelawyers.com\/wp-content\/uploads\/2025\/05\/Robert_Walikangas-1536x864.webp 1536w, https:\/\/keynotelawyers.com\/wp-content\/uploads\/2025\/05\/Robert_Walikangas.webp 1920w\" sizes=\"(max-width: 800px) 100vw, 800px\" \/>\t\t\t\t\t\t\t\t\t\t\t\t\t\t\t<\/div>\n\t\t\t\t<\/div>\n\t\t\t\t<div class=\"elementor-element elementor-element-aab8f1b elementor-widget elementor-widget-text-editor\" data-id=\"aab8f1b\" data-element_type=\"widget\" data-e-type=\"widget\" data-widget_type=\"text-editor.default\">\n\t\t\t\t<div class=\"elementor-widget-container\">\n\t\t\t\t\t\t\t\t\t<p>Robert W\u00e4likangas har mer \u00e4n 20 \u00e5rs erfarenhet av att arbeta med juridiska fr\u00e5gor p\u00e5 juridisk byr\u00e5 och Kammarr\u00e4tten. Robert har \u00e4ven arbetat p\u00e5 N\u00e4ringsdepartementet, d\u00e4r han arbetade med lagstiftning avseende f\u00f6retagande.  Han uts\u00e5gs \u00e4ven till sakkunnig i flera statliga utredningar och svensk delegat i EU och OECD. <\/p>\t\t\t\t\t\t\t\t<\/div>\n\t\t\t\t<\/div>\n\t\t\t\t<div class=\"elementor-element elementor-element-2e841b7 elementor-blockquote--skin-border elementor-widget elementor-widget-blockquote\" data-id=\"2e841b7\" data-element_type=\"widget\" data-e-type=\"widget\" data-widget_type=\"blockquote.default\">\n\t\t\t\t<div class=\"elementor-widget-container\">\n\t\t\t\t\t\t\t<blockquote class=\"elementor-blockquote\">\n\t\t\t<p class=\"elementor-blockquote__content\">\n\t\t\t\t\"Att arbeta n\u00e4ra v\u00e5ra klienter med olika juridiska och kommunikativa fr\u00e5gor ger en \u00f6msesidig f\u00f6rst\u00e5else f\u00f6r hur klientens m\u00e5l ska uppn\u00e5s. P\u00e5 Keynote k\u00e4nner vi till de juridiska fr\u00e5gor som f\u00f6retag beh\u00f6ver hantera. Detta s\u00e4kerst\u00e4ller en framg\u00e5ngsrik utveckling av v\u00e5ra klienters verksamheter.\"\t\t\t<\/p>\n\t\t\t\t\t<\/blockquote>\n\t\t\t\t\t\t<\/div>\n\t\t\t\t<\/div>\n\t\t\t\t<div class=\"elementor-element elementor-element-a1e2ce6 elementor-widget elementor-widget-text-editor\" data-id=\"a1e2ce6\" data-element_type=\"widget\" data-e-type=\"widget\" data-widget_type=\"text-editor.default\">\n\t\t\t\t<div class=\"elementor-widget-container\">\n\t\t\t\t\t\t\t\t\t<p>Robert har en juristexamen och en kandidatexamen i f\u00f6retagsekonomi fr\u00e5n Stockholms universitet. Han inledde sin karri\u00e4r p\u00e5 en allm\u00e4n juridisk byr\u00e5 men har sedan dess specialiserat sig p\u00e5 aff\u00e4rsjuridik. Robert har s\u00e4rskild erfarenhet av att arbeta med juridiska fr\u00e5gor som r\u00f6r kommunalt \u00e4gda telekom- och energibolag samt andra relaterade branschfr\u00e5gor.  <\/p>\t\t\t\t\t\t\t\t<\/div>\n\t\t\t\t<\/div>\n\t\t\t\t<div class=\"elementor-element elementor-element-87ec121 elementor-widget-divider--view-line elementor-widget elementor-widget-divider\" data-id=\"87ec121\" data-element_type=\"widget\" data-e-type=\"widget\" data-widget_type=\"divider.default\">\n\t\t\t\t<div class=\"elementor-widget-container\">\n\t\t\t\t\t\t\t<div class=\"elementor-divider\">\n\t\t\t<span class=\"elementor-divider-separator\">\n\t\t\t\t\t\t<\/span>\n\t\t<\/div>\n\t\t\t\t\t\t<\/div>\n\t\t\t\t<\/div>\n\t\t\t\t<div class=\"elementor-element elementor-element-0c0496f elementor-widget elementor-widget-heading\" data-id=\"0c0496f\" data-element_type=\"widget\" data-e-type=\"widget\" data-widget_type=\"heading.default\">\n\t\t\t\t<div class=\"elementor-widget-container\">\n\t\t\t\t\t<h2 class=\"elementor-heading-title elementor-size-default\">Kontakta Robert: <\/h2>\t\t\t\t<\/div>\n\t\t\t\t<\/div>\n\t\t<div class=\"elementor-element elementor-element-2cf0fba e-grid e-con-full e-con e-child\" data-id=\"2cf0fba\" data-element_type=\"container\" data-e-type=\"container\">\n\t\t\t\t<div class=\"elementor-element elementor-element-ca7f560 elementor-align-justify elementor-tablet-align-justify elementor-widget elementor-widget-button\" data-id=\"ca7f560\" data-element_type=\"widget\" data-e-type=\"widget\" data-widget_type=\"button.default\">\n\t\t\t\t<div class=\"elementor-widget-container\">\n\t\t\t\t\t\t\t\t\t<div class=\"elementor-button-wrapper\">\n\t\t\t\t\t<a class=\"elementor-button elementor-button-link elementor-size-sm\" href=\"mailto:robert@keynotelawyers.com\">\n\t\t\t\t\t\t<span class=\"elementor-button-content-wrapper\">\n\t\t\t\t\t\t\t\t\t<span class=\"elementor-button-text\">E-post<\/span>\n\t\t\t\t\t<\/span>\n\t\t\t\t\t<\/a>\n\t\t\t\t<\/div>\n\t\t\t\t\t\t\t\t<\/div>\n\t\t\t\t<\/div>\n\t\t\t\t<div class=\"elementor-element elementor-element-1a152eb elementor-align-justify elementor-tablet-align-justify elementor-widget elementor-widget-button\" data-id=\"1a152eb\" data-element_type=\"widget\" data-e-type=\"widget\" data-widget_type=\"button.default\">\n\t\t\t\t<div class=\"elementor-widget-container\">\n\t\t\t\t\t\t\t\t\t<div class=\"elementor-button-wrapper\">\n\t\t\t\t\t<a class=\"elementor-button elementor-button-link elementor-size-sm\" href=\"tel:+46725111080\">\n\t\t\t\t\t\t<span class=\"elementor-button-content-wrapper\">\n\t\t\t\t\t\t\t\t\t<span class=\"elementor-button-text\">Ring +46 72 511 10 80<\/span>\n\t\t\t\t\t<\/span>\n\t\t\t\t\t<\/a>\n\t\t\t\t<\/div>\n\t\t\t\t\t\t\t\t<\/div>\n\t\t\t\t<\/div>\n\t\t\t\t<div class=\"elementor-element elementor-element-39f9491 elementor-align-justify elementor-tablet-align-justify elementor-widget elementor-widget-button\" data-id=\"39f9491\" data-element_type=\"widget\" data-e-type=\"widget\" data-widget_type=\"button.default\">\n\t\t\t\t<div class=\"elementor-widget-container\">\n\t\t\t\t\t\t\t\t\t<div class=\"elementor-button-wrapper\">\n\t\t\t\t\t<a class=\"elementor-button elementor-button-link elementor-size-sm\" href=\"https:\/\/www.linkedin.com\/in\/robert-w%C3%A4likangas-5898157a\/\">\n\t\t\t\t\t\t<span class=\"elementor-button-content-wrapper\">\n\t\t\t\t\t\t\t\t\t<span class=\"elementor-button-text\">LinkedIn<\/span>\n\t\t\t\t\t<\/span>\n\t\t\t\t\t<\/a>\n\t\t\t\t<\/div>\n\t\t\t\t\t\t\t\t<\/div>\n\t\t\t\t<\/div>\n\t\t\t\t<\/div>\n\t\t\t\t\t<\/div>\n\t\t\t\t<\/div>\n\t\t<div class=\"elementor-element elementor-element-3831571 e-con-full e-flex elementor-invisible e-con e-child\" data-id=\"3831571\" data-element_type=\"container\" data-e-type=\"container\" data-settings=\"{&quot;animation&quot;:&quot;fadeIn&quot;,&quot;animation_delay&quot;:100}\">\n\t\t\t\t<\/div>\n\t\t\t\t<\/div>\n\t\t","protected":false},"excerpt":{"rendered":"<p>Robert W\u00e4likangas har mer \u00e4n 20 \u00e5rs erfarenhet av att arbeta med juridiska fr\u00e5gor p\u00e5 juridisk byr\u00e5 och Kammarr\u00e4tten. Robert har \u00e4ven arbetat p\u00e5 N\u00e4ringsdepartementet, d\u00e4r han arbetade med lagstiftning avseende f\u00f6retagande. Han uts\u00e5gs \u00e4ven till sakkunnig i flera statliga utredningar och svensk delegat i EU och OECD. &#8221;Att arbeta n\u00e4ra v\u00e5ra klienter med olika [&hellip;]<\/p>\n","protected":false},"author":1,"featured_media":884,"parent":1208,"menu_order":0,"comment_status":"closed","ping_status":"closed","template":"","meta":{"footnotes":""},"class_list":["post-1106","page","type-page","status-publish","has-post-thumbnail","hentry"],"yoast_head":"<!-- This site is optimized with the Yoast SEO plugin v27.2 - https:\/\/yoast.com\/product\/yoast-seo-wordpress\/ -->\n<title>Robert W\u00e4likangas - Keynote Lawyers<\/title>\n<meta name=\"robots\" content=\"index, follow, max-snippet:-1, max-image-preview:large, max-video-preview:-1\" \/>\n<link rel=\"canonical\" href=\"https:\/\/keynotelawyers.com\/sv\/om-oss\/robert-walikangas\/\" \/>\n<meta property=\"og:locale\" content=\"sv_SE\" \/>\n<meta property=\"og:type\" content=\"article\" \/>\n<meta property=\"og:title\" content=\"Robert W\u00e4likangas - Keynote Lawyers\" \/>\n<meta property=\"og:description\" content=\"Robert W\u00e4likangas har mer \u00e4n 20 \u00e5rs erfarenhet av att arbeta med juridiska fr\u00e5gor p\u00e5 juridisk byr\u00e5 och Kammarr\u00e4tten. Robert har \u00e4ven arbetat p\u00e5 N\u00e4ringsdepartementet, d\u00e4r han arbetade med lagstiftning avseende f\u00f6retagande. Han uts\u00e5gs \u00e4ven till sakkunnig i flera statliga utredningar och svensk delegat i EU och OECD. &#8221;Att arbeta n\u00e4ra v\u00e5ra klienter med olika [&hellip;]\" \/>\n<meta property=\"og:url\" content=\"https:\/\/keynotelawyers.com\/sv\/om-oss\/robert-walikangas\/\" \/>\n<meta property=\"og:site_name\" content=\"Keynote Lawyers\" \/>\n<meta property=\"article:modified_time\" content=\"2026-03-18T07:59:11+00:00\" \/>\n<meta property=\"og:image\" content=\"https:\/\/keynotelawyers.com\/wp-content\/uploads\/2025\/05\/contact_header.webp\" \/>\n\t<meta property=\"og:image:width\" content=\"1920\" \/>\n\t<meta property=\"og:image:height\" content=\"600\" \/>\n\t<meta property=\"og:image:type\" content=\"image\/webp\" \/>\n<meta name=\"twitter:card\" content=\"summary_large_image\" \/>\n<meta name=\"twitter:label1\" content=\"Ber\u00e4knad l\u00e4stid\" \/>\n\t<meta name=\"twitter:data1\" content=\"1 minut\" \/>\n<script type=\"application\/ld+json\" class=\"yoast-schema-graph\">{\"@context\":\"https:\/\/schema.org\",\"@graph\":[{\"@type\":\"WebPage\",\"@id\":\"https:\/\/keynotelawyers.com\/sv\/om-oss\/robert-walikangas\/\",\"url\":\"https:\/\/keynotelawyers.com\/sv\/om-oss\/robert-walikangas\/\",\"name\":\"Robert W\u00e4likangas - Keynote Lawyers\",\"isPartOf\":{\"@id\":\"https:\/\/keynotelawyers.com\/sv\/#website\"},\"primaryImageOfPage\":{\"@id\":\"https:\/\/keynotelawyers.com\/sv\/om-oss\/robert-walikangas\/#primaryimage\"},\"image\":{\"@id\":\"https:\/\/keynotelawyers.com\/sv\/om-oss\/robert-walikangas\/#primaryimage\"},\"thumbnailUrl\":\"https:\/\/keynotelawyers.com\/wp-content\/uploads\/2025\/05\/contact_header.webp\",\"datePublished\":\"2025-05-04T15:52:11+00:00\",\"dateModified\":\"2026-03-18T07:59:11+00:00\",\"breadcrumb\":{\"@id\":\"https:\/\/keynotelawyers.com\/sv\/om-oss\/robert-walikangas\/#breadcrumb\"},\"inLanguage\":\"sv-SE\",\"potentialAction\":[{\"@type\":\"ReadAction\",\"target\":[\"https:\/\/keynotelawyers.com\/sv\/om-oss\/robert-walikangas\/\"]}]},{\"@type\":\"ImageObject\",\"inLanguage\":\"sv-SE\",\"@id\":\"https:\/\/keynotelawyers.com\/sv\/om-oss\/robert-walikangas\/#primaryimage\",\"url\":\"https:\/\/keynotelawyers.com\/wp-content\/uploads\/2025\/05\/contact_header.webp\",\"contentUrl\":\"https:\/\/keynotelawyers.com\/wp-content\/uploads\/2025\/05\/contact_header.webp\",\"width\":1920,\"height\":600,\"caption\":\"Keynote Lawyers: Den juridiska byr\u00e5n f\u00f6r tech, telekom och energi\"},{\"@type\":\"BreadcrumbList\",\"@id\":\"https:\/\/keynotelawyers.com\/sv\/om-oss\/robert-walikangas\/#breadcrumb\",\"itemListElement\":[{\"@type\":\"ListItem\",\"position\":1,\"name\":\"Hem\",\"item\":\"https:\/\/keynotelawyers.com\/sv\/\"},{\"@type\":\"ListItem\",\"position\":2,\"name\":\"Om oss\",\"item\":\"https:\/\/keynotelawyers.com\/sv\/om-oss\/\"},{\"@type\":\"ListItem\",\"position\":3,\"name\":\"Robert W\u00e4likangas\"}]},{\"@type\":\"WebSite\",\"@id\":\"https:\/\/keynotelawyers.com\/sv\/#website\",\"url\":\"https:\/\/keynotelawyers.com\/sv\/\",\"name\":\"Keynote Lawyers\",\"description\":\"\",\"potentialAction\":[{\"@type\":\"SearchAction\",\"target\":{\"@type\":\"EntryPoint\",\"urlTemplate\":\"https:\/\/keynotelawyers.com\/sv\/?s={search_term_string}\"},\"query-input\":{\"@type\":\"PropertyValueSpecification\",\"valueRequired\":true,\"valueName\":\"search_term_string\"}}],\"inLanguage\":\"sv-SE\"}]}<\/script>\n<!-- \/ Yoast SEO plugin. -->","yoast_head_json":{"title":"Robert W\u00e4likangas - Keynote Lawyers","robots":{"index":"index","follow":"follow","max-snippet":"max-snippet:-1","max-image-preview":"max-image-preview:large","max-video-preview":"max-video-preview:-1"},"canonical":"https:\/\/keynotelawyers.com\/sv\/om-oss\/robert-walikangas\/","og_locale":"sv_SE","og_type":"article","og_title":"Robert W\u00e4likangas - Keynote Lawyers","og_description":"Robert W\u00e4likangas har mer \u00e4n 20 \u00e5rs erfarenhet av att arbeta med juridiska fr\u00e5gor p\u00e5 juridisk byr\u00e5 och Kammarr\u00e4tten. Robert har \u00e4ven arbetat p\u00e5 N\u00e4ringsdepartementet, d\u00e4r han arbetade med lagstiftning avseende f\u00f6retagande. Han uts\u00e5gs \u00e4ven till sakkunnig i flera statliga utredningar och svensk delegat i EU och OECD. &#8221;Att arbeta n\u00e4ra v\u00e5ra klienter med olika [&hellip;]","og_url":"https:\/\/keynotelawyers.com\/sv\/om-oss\/robert-walikangas\/","og_site_name":"Keynote Lawyers","article_modified_time":"2026-03-18T07:59:11+00:00","og_image":[{"width":1920,"height":600,"url":"https:\/\/keynotelawyers.com\/wp-content\/uploads\/2025\/05\/contact_header.webp","type":"image\/webp"}],"twitter_card":"summary_large_image","twitter_misc":{"Ber\u00e4knad l\u00e4stid":"1 minut"},"schema":{"@context":"https:\/\/schema.org","@graph":[{"@type":"WebPage","@id":"https:\/\/keynotelawyers.com\/sv\/om-oss\/robert-walikangas\/","url":"https:\/\/keynotelawyers.com\/sv\/om-oss\/robert-walikangas\/","name":"Robert W\u00e4likangas - Keynote Lawyers","isPartOf":{"@id":"https:\/\/keynotelawyers.com\/sv\/#website"},"primaryImageOfPage":{"@id":"https:\/\/keynotelawyers.com\/sv\/om-oss\/robert-walikangas\/#primaryimage"},"image":{"@id":"https:\/\/keynotelawyers.com\/sv\/om-oss\/robert-walikangas\/#primaryimage"},"thumbnailUrl":"https:\/\/keynotelawyers.com\/wp-content\/uploads\/2025\/05\/contact_header.webp","datePublished":"2025-05-04T15:52:11+00:00","dateModified":"2026-03-18T07:59:11+00:00","breadcrumb":{"@id":"https:\/\/keynotelawyers.com\/sv\/om-oss\/robert-walikangas\/#breadcrumb"},"inLanguage":"sv-SE","potentialAction":[{"@type":"ReadAction","target":["https:\/\/keynotelawyers.com\/sv\/om-oss\/robert-walikangas\/"]}]},{"@type":"ImageObject","inLanguage":"sv-SE","@id":"https:\/\/keynotelawyers.com\/sv\/om-oss\/robert-walikangas\/#primaryimage","url":"https:\/\/keynotelawyers.com\/wp-content\/uploads\/2025\/05\/contact_header.webp","contentUrl":"https:\/\/keynotelawyers.com\/wp-content\/uploads\/2025\/05\/contact_header.webp","width":1920,"height":600,"caption":"Keynote Lawyers: Den juridiska byr\u00e5n f\u00f6r tech, telekom och energi"},{"@type":"BreadcrumbList","@id":"https:\/\/keynotelawyers.com\/sv\/om-oss\/robert-walikangas\/#breadcrumb","itemListElement":[{"@type":"ListItem","position":1,"name":"Hem","item":"https:\/\/keynotelawyers.com\/sv\/"},{"@type":"ListItem","position":2,"name":"Om oss","item":"https:\/\/keynotelawyers.com\/sv\/om-oss\/"},{"@type":"ListItem","position":3,"name":"Robert W\u00e4likangas"}]},{"@type":"WebSite","@id":"https:\/\/keynotelawyers.com\/sv\/#website","url":"https:\/\/keynotelawyers.com\/sv\/","name":"Keynote Lawyers","description":"","potentialAction":[{"@type":"SearchAction","target":{"@type":"EntryPoint","urlTemplate":"https:\/\/keynotelawyers.com\/sv\/?s={search_term_string}"},"query-input":{"@type":"PropertyValueSpecification","valueRequired":true,"valueName":"search_term_string"}}],"inLanguage":"sv-SE"}]}},"_links":{"self":[{"href":"https:\/\/keynotelawyers.com\/sv\/wp-json\/wp\/v2\/pages\/1106","targetHints":{"allow":["GET"]}}],"collection":[{"href":"https:\/\/keynotelawyers.com\/sv\/wp-json\/wp\/v2\/pages"}],"about":[{"href":"https:\/\/keynotelawyers.com\/sv\/wp-json\/wp\/v2\/types\/page"}],"author":[{"embeddable":true,"href":"https:\/\/keynotelawyers.com\/sv\/wp-json\/wp\/v2\/users\/1"}],"replies":[{"embeddable":true,"href":"https:\/\/keynotelawyers.com\/sv\/wp-json\/wp\/v2\/comments?post=1106"}],"version-history":[{"count":31,"href":"https:\/\/keynotelawyers.com\/sv\/wp-json\/wp\/v2\/pages\/1106\/revisions"}],"predecessor-version":[{"id":2430,"href":"https:\/\/keynotelawyers.com\/sv\/wp-json\/wp\/v2\/pages\/1106\/revisions\/2430"}],"up":[{"embeddable":true,"href":"https:\/\/keynotelawyers.com\/sv\/wp-json\/wp\/v2\/pages\/1208"}],"wp:featuredmedia":[{"embeddable":true,"href":"https:\/\/keynotelawyers.com\/sv\/wp-json\/wp\/v2\/media\/884"}],"wp:attachment":[{"href":"https:\/\/keynotelawyers.com\/sv\/wp-json\/wp\/v2\/media?parent=1106"}],"curies":[{"name":"wp","href":"https:\/\/api.w.org\/{rel}","templated":true}]}}