{"id":1113,"date":"2025-05-04T16:35:26","date_gmt":"2025-05-04T15:35:26","guid":{"rendered":"https:\/\/keynotelawyers.com\/victoria-andersson\/"},"modified":"2026-03-18T09:48:54","modified_gmt":"2026-03-18T08:48:54","slug":"victoria-andersson","status":"publish","type":"page","link":"https:\/\/keynotelawyers.com\/sv\/om-oss\/victoria-andersson\/","title":{"rendered":"Victoria Papini"},"content":{"rendered":"\t\t<div data-elementor-type=\"wp-page\" data-elementor-id=\"1113\" class=\"elementor elementor-1113 elementor-896\" data-elementor-post-type=\"page\">\n\t\t\t\t<div class=\"elementor-element elementor-element-7276bc9 e-flex e-con-boxed e-con e-parent\" data-id=\"7276bc9\" data-element_type=\"container\" data-e-type=\"container\">\n\t\t\t\t\t<div class=\"e-con-inner\">\n\t\t\t\t<div class=\"elementor-element elementor-element-d890409 elementor-widget elementor-widget-image\" data-id=\"d890409\" data-element_type=\"widget\" data-e-type=\"widget\" data-widget_type=\"image.default\">\n\t\t\t\t<div class=\"elementor-widget-container\">\n\t\t\t\t\t\t\t\t\t\t\t\t\t\t\t<img fetchpriority=\"high\" decoding=\"async\" width=\"800\" height=\"450\" src=\"https:\/\/keynotelawyers.com\/wp-content\/uploads\/2025\/05\/victoria_andersson-1024x576.webp\" class=\"attachment-large size-large wp-image-899\" alt=\"Victoria Andersson is a lawyer specialized in the tech, telecom and fiber industry.\" srcset=\"https:\/\/keynotelawyers.com\/wp-content\/uploads\/2025\/05\/victoria_andersson-1024x576.webp 1024w, https:\/\/keynotelawyers.com\/wp-content\/uploads\/2025\/05\/victoria_andersson-300x169.webp 300w, https:\/\/keynotelawyers.com\/wp-content\/uploads\/2025\/05\/victoria_andersson-768x432.webp 768w, https:\/\/keynotelawyers.com\/wp-content\/uploads\/2025\/05\/victoria_andersson-1536x864.webp 1536w, https:\/\/keynotelawyers.com\/wp-content\/uploads\/2025\/05\/victoria_andersson.webp 1920w\" sizes=\"(max-width: 800px) 100vw, 800px\" \/>\t\t\t\t\t\t\t\t\t\t\t\t\t\t\t<\/div>\n\t\t\t\t<\/div>\n\t\t\t\t<div class=\"elementor-element elementor-element-aab8f1b elementor-widget elementor-widget-text-editor\" data-id=\"aab8f1b\" data-element_type=\"widget\" data-e-type=\"widget\" data-widget_type=\"text-editor.default\">\n\t\t\t\t<div class=\"elementor-widget-container\">\n\t\t\t\t\t\t\t\t\t<p>Victoria Papini \u00e4r jurist och specialiserad p\u00e5 tech-, telekom- och fiberbranschen. Victoria har erfarenhet av s\u00e5v\u00e4l traditionell juridisk r\u00e5dgivning, som av att arbeta med branschsamarbeten och p\u00e5verkansarbete i branschrelaterade fr\u00e5gor. Victoria har ett omfattande n\u00e4tverk inom branschen, som inkluderar tj\u00e4nsteleverant\u00f6rer, telekom- och fiberf\u00f6retag, myndigheter och branschorganisationer.<\/p>\t\t\t\t\t\t\t\t<\/div>\n\t\t\t\t<\/div>\n\t\t\t\t<div class=\"elementor-element elementor-element-2e841b7 elementor-blockquote--skin-border elementor-widget elementor-widget-blockquote\" data-id=\"2e841b7\" data-element_type=\"widget\" data-e-type=\"widget\" data-widget_type=\"blockquote.default\">\n\t\t\t\t<div class=\"elementor-widget-container\">\n\t\t\t\t\t\t\t<blockquote class=\"elementor-blockquote\">\n\t\t\t<p class=\"elementor-blockquote__content\">\n\t\t\t\t\"Att f\u00e5 tillg\u00e5ng till olika perspektiv p\u00e5 hur branschen fungerar \u00e4r viktigt f\u00f6r att f\u00f6rst\u00e5 hur olika akt\u00f6rer p\u00e5 marknaden agerar och d\u00e4rigenom f\u00e5 en djupare branschkunskap och f\u00f6rst\u00e5else f\u00f6r branschens framg\u00e5ngsfaktorer.\"\t\t\t<\/p>\n\t\t\t\t\t<\/blockquote>\n\t\t\t\t\t\t<\/div>\n\t\t\t\t<\/div>\n\t\t\t\t<div class=\"elementor-element elementor-element-a1e2ce6 elementor-widget elementor-widget-text-editor\" data-id=\"a1e2ce6\" data-element_type=\"widget\" data-e-type=\"widget\" data-widget_type=\"text-editor.default\">\n\t\t\t\t<div class=\"elementor-widget-container\">\n\t\t\t\t\t\t\t\t\t<p>Victoria har en juristexamen fr\u00e5n Stockholms universitet. Innan Victoria startade upp sin egen juristverksamhet arbetade hon som chefsjurist p\u00e5 Telekomr\u00e5dgivarna. Inom ramen f\u00f6r det uppdraget drev hon projekt i dialog med branschens parter samt arbetade med r\u00e5dgivning till f\u00f6retag, stadsn\u00e4t och konsumenter inom telekomomr\u00e5det. Victoria har \u00e4ven tidigare erfarenhet fr\u00e5n att arbeta p\u00e5 svenska advokatbyr\u00e5er med olika aff\u00e4rsjuridiska fr\u00e5gor.<\/p>\t\t\t\t\t\t\t\t<\/div>\n\t\t\t\t<\/div>\n\t\t\t\t<div class=\"elementor-element elementor-element-87ec121 elementor-widget-divider--view-line elementor-widget elementor-widget-divider\" data-id=\"87ec121\" data-element_type=\"widget\" data-e-type=\"widget\" data-widget_type=\"divider.default\">\n\t\t\t\t<div class=\"elementor-widget-container\">\n\t\t\t\t\t\t\t<div class=\"elementor-divider\">\n\t\t\t<span class=\"elementor-divider-separator\">\n\t\t\t\t\t\t<\/span>\n\t\t<\/div>\n\t\t\t\t\t\t<\/div>\n\t\t\t\t<\/div>\n\t\t\t\t<div class=\"elementor-element elementor-element-0c0496f elementor-widget elementor-widget-heading\" data-id=\"0c0496f\" data-element_type=\"widget\" data-e-type=\"widget\" data-widget_type=\"heading.default\">\n\t\t\t\t<div class=\"elementor-widget-container\">\n\t\t\t\t\t<h2 class=\"elementor-heading-title elementor-size-default\">Kontakta Victoria:  <\/h2>\t\t\t\t<\/div>\n\t\t\t\t<\/div>\n\t\t<div class=\"elementor-element elementor-element-2cf0fba e-grid e-con-full e-con e-child\" data-id=\"2cf0fba\" data-element_type=\"container\" data-e-type=\"container\">\n\t\t\t\t<div class=\"elementor-element elementor-element-ca7f560 elementor-align-justify elementor-tablet-align-justify elementor-widget elementor-widget-button\" data-id=\"ca7f560\" data-element_type=\"widget\" data-e-type=\"widget\" data-widget_type=\"button.default\">\n\t\t\t\t<div class=\"elementor-widget-container\">\n\t\t\t\t\t\t\t\t\t<div class=\"elementor-button-wrapper\">\n\t\t\t\t\t<a class=\"elementor-button elementor-button-link elementor-size-sm\" href=\"mailto:victoria@keynotelawyers.com\">\n\t\t\t\t\t\t<span class=\"elementor-button-content-wrapper\">\n\t\t\t\t\t\t\t\t\t<span class=\"elementor-button-text\">E-post<\/span>\n\t\t\t\t\t<\/span>\n\t\t\t\t\t<\/a>\n\t\t\t\t<\/div>\n\t\t\t\t\t\t\t\t<\/div>\n\t\t\t\t<\/div>\n\t\t\t\t<div class=\"elementor-element elementor-element-1a152eb elementor-align-justify elementor-tablet-align-justify elementor-widget elementor-widget-button\" data-id=\"1a152eb\" data-element_type=\"widget\" data-e-type=\"widget\" data-widget_type=\"button.default\">\n\t\t\t\t<div class=\"elementor-widget-container\">\n\t\t\t\t\t\t\t\t\t<div class=\"elementor-button-wrapper\">\n\t\t\t\t\t<a class=\"elementor-button elementor-button-link elementor-size-sm\" href=\"tel:+46708585913\">\n\t\t\t\t\t\t<span class=\"elementor-button-content-wrapper\">\n\t\t\t\t\t\t\t\t\t<span class=\"elementor-button-text\">Ring +46 70 858 59 13<\/span>\n\t\t\t\t\t<\/span>\n\t\t\t\t\t<\/a>\n\t\t\t\t<\/div>\n\t\t\t\t\t\t\t\t<\/div>\n\t\t\t\t<\/div>\n\t\t\t\t<div class=\"elementor-element elementor-element-39f9491 elementor-align-justify elementor-tablet-align-justify elementor-widget elementor-widget-button\" data-id=\"39f9491\" data-element_type=\"widget\" data-e-type=\"widget\" data-widget_type=\"button.default\">\n\t\t\t\t<div class=\"elementor-widget-container\">\n\t\t\t\t\t\t\t\t\t<div class=\"elementor-button-wrapper\">\n\t\t\t\t\t<a class=\"elementor-button elementor-button-link elementor-size-sm\" href=\"https:\/\/www.linkedin.com\/in\/victoria-andersson-1b7938160\/\">\n\t\t\t\t\t\t<span class=\"elementor-button-content-wrapper\">\n\t\t\t\t\t\t\t\t\t<span class=\"elementor-button-text\">LinkedIn<\/span>\n\t\t\t\t\t<\/span>\n\t\t\t\t\t<\/a>\n\t\t\t\t<\/div>\n\t\t\t\t\t\t\t\t<\/div>\n\t\t\t\t<\/div>\n\t\t\t\t<\/div>\n\t\t\t\t\t<\/div>\n\t\t\t\t<\/div>\n\t\t\t\t<\/div>\n\t\t","protected":false},"excerpt":{"rendered":"<p>Victoria Papini \u00e4r jurist och specialiserad p\u00e5 tech-, telekom- och fiberbranschen. Victoria har erfarenhet av s\u00e5v\u00e4l traditionell juridisk r\u00e5dgivning, som av att arbeta med branschsamarbeten och p\u00e5verkansarbete i branschrelaterade fr\u00e5gor. Victoria har ett omfattande n\u00e4tverk inom branschen, som inkluderar tj\u00e4nsteleverant\u00f6rer, telekom- och fiberf\u00f6retag, myndigheter och branschorganisationer. &#8221;Att f\u00e5 tillg\u00e5ng till olika perspektiv p\u00e5 hur branschen [&hellip;]<\/p>\n","protected":false},"author":1,"featured_media":884,"parent":1208,"menu_order":0,"comment_status":"closed","ping_status":"closed","template":"","meta":{"footnotes":""},"class_list":["post-1113","page","type-page","status-publish","has-post-thumbnail","hentry"],"yoast_head":"<!-- This site is optimized with the Yoast SEO plugin v27.2 - https:\/\/yoast.com\/product\/yoast-seo-wordpress\/ -->\n<title>Victoria Papini - Keynote Lawyers<\/title>\n<meta name=\"robots\" content=\"index, follow, max-snippet:-1, max-image-preview:large, max-video-preview:-1\" \/>\n<link rel=\"canonical\" href=\"https:\/\/keynotelawyers.com\/sv\/om-oss\/victoria-andersson\/\" \/>\n<meta property=\"og:locale\" content=\"sv_SE\" \/>\n<meta property=\"og:type\" content=\"article\" \/>\n<meta property=\"og:title\" content=\"Victoria Papini - Keynote Lawyers\" \/>\n<meta property=\"og:description\" content=\"Victoria Papini \u00e4r jurist och specialiserad p\u00e5 tech-, telekom- och fiberbranschen. Victoria har erfarenhet av s\u00e5v\u00e4l traditionell juridisk r\u00e5dgivning, som av att arbeta med branschsamarbeten och p\u00e5verkansarbete i branschrelaterade fr\u00e5gor. Victoria har ett omfattande n\u00e4tverk inom branschen, som inkluderar tj\u00e4nsteleverant\u00f6rer, telekom- och fiberf\u00f6retag, myndigheter och branschorganisationer. &#8221;Att f\u00e5 tillg\u00e5ng till olika perspektiv p\u00e5 hur branschen [&hellip;]\" \/>\n<meta property=\"og:url\" content=\"https:\/\/keynotelawyers.com\/sv\/om-oss\/victoria-andersson\/\" \/>\n<meta property=\"og:site_name\" content=\"Keynote Lawyers\" \/>\n<meta property=\"article:modified_time\" content=\"2026-03-18T08:48:54+00:00\" \/>\n<meta property=\"og:image\" content=\"https:\/\/keynotelawyers.com\/wp-content\/uploads\/2025\/05\/contact_header.webp\" \/>\n\t<meta property=\"og:image:width\" content=\"1920\" \/>\n\t<meta property=\"og:image:height\" content=\"600\" \/>\n\t<meta property=\"og:image:type\" content=\"image\/webp\" \/>\n<meta name=\"twitter:card\" content=\"summary_large_image\" \/>\n<meta name=\"twitter:label1\" content=\"Ber\u00e4knad l\u00e4stid\" \/>\n\t<meta name=\"twitter:data1\" content=\"1 minut\" \/>\n<script type=\"application\/ld+json\" class=\"yoast-schema-graph\">{\"@context\":\"https:\/\/schema.org\",\"@graph\":[{\"@type\":\"WebPage\",\"@id\":\"https:\/\/keynotelawyers.com\/sv\/om-oss\/victoria-andersson\/\",\"url\":\"https:\/\/keynotelawyers.com\/sv\/om-oss\/victoria-andersson\/\",\"name\":\"Victoria Papini - Keynote Lawyers\",\"isPartOf\":{\"@id\":\"https:\/\/keynotelawyers.com\/sv\/#website\"},\"primaryImageOfPage\":{\"@id\":\"https:\/\/keynotelawyers.com\/sv\/om-oss\/victoria-andersson\/#primaryimage\"},\"image\":{\"@id\":\"https:\/\/keynotelawyers.com\/sv\/om-oss\/victoria-andersson\/#primaryimage\"},\"thumbnailUrl\":\"https:\/\/keynotelawyers.com\/wp-content\/uploads\/2025\/05\/contact_header.webp\",\"datePublished\":\"2025-05-04T15:35:26+00:00\",\"dateModified\":\"2026-03-18T08:48:54+00:00\",\"breadcrumb\":{\"@id\":\"https:\/\/keynotelawyers.com\/sv\/om-oss\/victoria-andersson\/#breadcrumb\"},\"inLanguage\":\"sv-SE\",\"potentialAction\":[{\"@type\":\"ReadAction\",\"target\":[\"https:\/\/keynotelawyers.com\/sv\/om-oss\/victoria-andersson\/\"]}]},{\"@type\":\"ImageObject\",\"inLanguage\":\"sv-SE\",\"@id\":\"https:\/\/keynotelawyers.com\/sv\/om-oss\/victoria-andersson\/#primaryimage\",\"url\":\"https:\/\/keynotelawyers.com\/wp-content\/uploads\/2025\/05\/contact_header.webp\",\"contentUrl\":\"https:\/\/keynotelawyers.com\/wp-content\/uploads\/2025\/05\/contact_header.webp\",\"width\":1920,\"height\":600,\"caption\":\"Keynote Lawyers: Den juridiska byr\u00e5n f\u00f6r tech, telekom och energi\"},{\"@type\":\"BreadcrumbList\",\"@id\":\"https:\/\/keynotelawyers.com\/sv\/om-oss\/victoria-andersson\/#breadcrumb\",\"itemListElement\":[{\"@type\":\"ListItem\",\"position\":1,\"name\":\"Hem\",\"item\":\"https:\/\/keynotelawyers.com\/sv\/\"},{\"@type\":\"ListItem\",\"position\":2,\"name\":\"Om oss\",\"item\":\"https:\/\/keynotelawyers.com\/sv\/om-oss\/\"},{\"@type\":\"ListItem\",\"position\":3,\"name\":\"Victoria Papini\"}]},{\"@type\":\"WebSite\",\"@id\":\"https:\/\/keynotelawyers.com\/sv\/#website\",\"url\":\"https:\/\/keynotelawyers.com\/sv\/\",\"name\":\"Keynote Lawyers\",\"description\":\"\",\"potentialAction\":[{\"@type\":\"SearchAction\",\"target\":{\"@type\":\"EntryPoint\",\"urlTemplate\":\"https:\/\/keynotelawyers.com\/sv\/?s={search_term_string}\"},\"query-input\":{\"@type\":\"PropertyValueSpecification\",\"valueRequired\":true,\"valueName\":\"search_term_string\"}}],\"inLanguage\":\"sv-SE\"}]}<\/script>\n<!-- \/ Yoast SEO plugin. -->","yoast_head_json":{"title":"Victoria Papini - Keynote Lawyers","robots":{"index":"index","follow":"follow","max-snippet":"max-snippet:-1","max-image-preview":"max-image-preview:large","max-video-preview":"max-video-preview:-1"},"canonical":"https:\/\/keynotelawyers.com\/sv\/om-oss\/victoria-andersson\/","og_locale":"sv_SE","og_type":"article","og_title":"Victoria Papini - Keynote Lawyers","og_description":"Victoria Papini \u00e4r jurist och specialiserad p\u00e5 tech-, telekom- och fiberbranschen. Victoria har erfarenhet av s\u00e5v\u00e4l traditionell juridisk r\u00e5dgivning, som av att arbeta med branschsamarbeten och p\u00e5verkansarbete i branschrelaterade fr\u00e5gor. Victoria har ett omfattande n\u00e4tverk inom branschen, som inkluderar tj\u00e4nsteleverant\u00f6rer, telekom- och fiberf\u00f6retag, myndigheter och branschorganisationer. &#8221;Att f\u00e5 tillg\u00e5ng till olika perspektiv p\u00e5 hur branschen [&hellip;]","og_url":"https:\/\/keynotelawyers.com\/sv\/om-oss\/victoria-andersson\/","og_site_name":"Keynote Lawyers","article_modified_time":"2026-03-18T08:48:54+00:00","og_image":[{"width":1920,"height":600,"url":"https:\/\/keynotelawyers.com\/wp-content\/uploads\/2025\/05\/contact_header.webp","type":"image\/webp"}],"twitter_card":"summary_large_image","twitter_misc":{"Ber\u00e4knad l\u00e4stid":"1 minut"},"schema":{"@context":"https:\/\/schema.org","@graph":[{"@type":"WebPage","@id":"https:\/\/keynotelawyers.com\/sv\/om-oss\/victoria-andersson\/","url":"https:\/\/keynotelawyers.com\/sv\/om-oss\/victoria-andersson\/","name":"Victoria Papini - Keynote Lawyers","isPartOf":{"@id":"https:\/\/keynotelawyers.com\/sv\/#website"},"primaryImageOfPage":{"@id":"https:\/\/keynotelawyers.com\/sv\/om-oss\/victoria-andersson\/#primaryimage"},"image":{"@id":"https:\/\/keynotelawyers.com\/sv\/om-oss\/victoria-andersson\/#primaryimage"},"thumbnailUrl":"https:\/\/keynotelawyers.com\/wp-content\/uploads\/2025\/05\/contact_header.webp","datePublished":"2025-05-04T15:35:26+00:00","dateModified":"2026-03-18T08:48:54+00:00","breadcrumb":{"@id":"https:\/\/keynotelawyers.com\/sv\/om-oss\/victoria-andersson\/#breadcrumb"},"inLanguage":"sv-SE","potentialAction":[{"@type":"ReadAction","target":["https:\/\/keynotelawyers.com\/sv\/om-oss\/victoria-andersson\/"]}]},{"@type":"ImageObject","inLanguage":"sv-SE","@id":"https:\/\/keynotelawyers.com\/sv\/om-oss\/victoria-andersson\/#primaryimage","url":"https:\/\/keynotelawyers.com\/wp-content\/uploads\/2025\/05\/contact_header.webp","contentUrl":"https:\/\/keynotelawyers.com\/wp-content\/uploads\/2025\/05\/contact_header.webp","width":1920,"height":600,"caption":"Keynote Lawyers: Den juridiska byr\u00e5n f\u00f6r tech, telekom och energi"},{"@type":"BreadcrumbList","@id":"https:\/\/keynotelawyers.com\/sv\/om-oss\/victoria-andersson\/#breadcrumb","itemListElement":[{"@type":"ListItem","position":1,"name":"Hem","item":"https:\/\/keynotelawyers.com\/sv\/"},{"@type":"ListItem","position":2,"name":"Om oss","item":"https:\/\/keynotelawyers.com\/sv\/om-oss\/"},{"@type":"ListItem","position":3,"name":"Victoria Papini"}]},{"@type":"WebSite","@id":"https:\/\/keynotelawyers.com\/sv\/#website","url":"https:\/\/keynotelawyers.com\/sv\/","name":"Keynote Lawyers","description":"","potentialAction":[{"@type":"SearchAction","target":{"@type":"EntryPoint","urlTemplate":"https:\/\/keynotelawyers.com\/sv\/?s={search_term_string}"},"query-input":{"@type":"PropertyValueSpecification","valueRequired":true,"valueName":"search_term_string"}}],"inLanguage":"sv-SE"}]}},"_links":{"self":[{"href":"https:\/\/keynotelawyers.com\/sv\/wp-json\/wp\/v2\/pages\/1113","targetHints":{"allow":["GET"]}}],"collection":[{"href":"https:\/\/keynotelawyers.com\/sv\/wp-json\/wp\/v2\/pages"}],"about":[{"href":"https:\/\/keynotelawyers.com\/sv\/wp-json\/wp\/v2\/types\/page"}],"author":[{"embeddable":true,"href":"https:\/\/keynotelawyers.com\/sv\/wp-json\/wp\/v2\/users\/1"}],"replies":[{"embeddable":true,"href":"https:\/\/keynotelawyers.com\/sv\/wp-json\/wp\/v2\/comments?post=1113"}],"version-history":[{"count":18,"href":"https:\/\/keynotelawyers.com\/sv\/wp-json\/wp\/v2\/pages\/1113\/revisions"}],"predecessor-version":[{"id":2432,"href":"https:\/\/keynotelawyers.com\/sv\/wp-json\/wp\/v2\/pages\/1113\/revisions\/2432"}],"up":[{"embeddable":true,"href":"https:\/\/keynotelawyers.com\/sv\/wp-json\/wp\/v2\/pages\/1208"}],"wp:featuredmedia":[{"embeddable":true,"href":"https:\/\/keynotelawyers.com\/sv\/wp-json\/wp\/v2\/media\/884"}],"wp:attachment":[{"href":"https:\/\/keynotelawyers.com\/sv\/wp-json\/wp\/v2\/media?parent=1113"}],"curies":[{"name":"wp","href":"https:\/\/api.w.org\/{rel}","templated":true}]}}