{"id":2227,"date":"2025-05-21T10:35:38","date_gmt":"2025-05-21T09:35:38","guid":{"rendered":"https:\/\/keynotelawyers.com\/nyheter\/"},"modified":"2026-04-18T14:06:59","modified_gmt":"2026-04-18T13:06:59","slug":"insights","status":"publish","type":"page","link":"https:\/\/keynotelawyers.com\/sv\/insights\/","title":{"rendered":"Keynote Insights"},"content":{"rendered":"\t\t<div data-elementor-type=\"wp-page\" data-elementor-id=\"2227\" class=\"elementor elementor-2227 elementor-1651\" data-elementor-post-type=\"page\">\n\t\t\t\t<div class=\"elementor-element elementor-element-e72627f e-flex e-con-boxed e-con e-parent\" data-id=\"e72627f\" data-element_type=\"container\" data-e-type=\"container\" data-settings=\"{&quot;background_background&quot;:&quot;classic&quot;}\">\n\t\t\t\t\t<div class=\"e-con-inner\">\n\t\t<div class=\"elementor-element elementor-element-47bf9fa e-con-full e-flex e-con e-child\" data-id=\"47bf9fa\" data-element_type=\"container\" data-e-type=\"container\">\n\t\t\t\t<div class=\"elementor-element elementor-element-0b84512 elementor-widget elementor-widget-heading\" data-id=\"0b84512\" data-element_type=\"widget\" data-e-type=\"widget\" data-widget_type=\"heading.default\">\n\t\t\t\t<div class=\"elementor-widget-container\">\n\t\t\t\t\t<h2 class=\"elementor-heading-title elementor-size-default\">Juridiska branschinsikter f\u00f6r tech-, telekom- och energibranschen<\/h2>\t\t\t\t<\/div>\n\t\t\t\t<\/div>\n\t\t\t\t<div class=\"elementor-element elementor-element-aa62e22 elementor-widget elementor-widget-text-editor\" data-id=\"aa62e22\" data-element_type=\"widget\" data-e-type=\"widget\" data-widget_type=\"text-editor.default\">\n\t\t\t\t<div class=\"elementor-widget-container\">\n\t\t\t\t\t\t\t\t\t<p class=\"\" style=\"font-size: 130%;\" data-start=\"242\" data-end=\"573\">Juridiska nyheter, analyser och intervjuer f\u00f6r dig som arbetar inom tech, telekom och energi. Vi bevakar marknaden med fokus p\u00e5 de juridiska \u00f6verv\u00e4ganden som formar den. <\/p>\t\t\t\t\t\t\t\t<\/div>\n\t\t\t\t<\/div>\n\t\t\t\t<div class=\"elementor-element elementor-element-39f4cc8 elementor-grid-1 elementor-grid-tablet-2 elementor-grid-mobile-1 elementor-posts--thumbnail-top elementor-card-shadow-yes elementor-posts__hover-gradient load-more-align-center elementor-widget elementor-widget-posts\" data-id=\"39f4cc8\" data-element_type=\"widget\" data-e-type=\"widget\" data-settings=\"{&quot;cards_columns&quot;:&quot;1&quot;,&quot;pagination_type&quot;:&quot;load_more_on_click&quot;,&quot;cards_columns_tablet&quot;:&quot;2&quot;,&quot;cards_columns_mobile&quot;:&quot;1&quot;,&quot;cards_row_gap&quot;:{&quot;unit&quot;:&quot;px&quot;,&quot;size&quot;:35,&quot;sizes&quot;:[]},&quot;cards_row_gap_tablet&quot;:{&quot;unit&quot;:&quot;px&quot;,&quot;size&quot;:&quot;&quot;,&quot;sizes&quot;:[]},&quot;cards_row_gap_mobile&quot;:{&quot;unit&quot;:&quot;px&quot;,&quot;size&quot;:&quot;&quot;,&quot;sizes&quot;:[]},&quot;load_more_spinner&quot;:{&quot;value&quot;:&quot;fas fa-spinner&quot;,&quot;library&quot;:&quot;fa-solid&quot;}}\" data-widget_type=\"posts.cards\">\n\t\t\t\t<div class=\"elementor-widget-container\">\n\t\t\t\t\t\t\t<div class=\"elementor-posts-container elementor-posts elementor-posts--skin-cards elementor-grid\" role=\"list\">\n\t\t\t\t<article class=\"elementor-post elementor-grid-item post-2493 post type-post status-publish format-standard has-post-thumbnail hentry category-okategoriserad\" role=\"listitem\">\n\t\t\t<div class=\"elementor-post__card\">\n\t\t\t\t<a class=\"elementor-post__thumbnail__link\" href=\"https:\/\/keynotelawyers.com\/sv\/testartikel-utan-betalvagg-lorem-ipsum\/\" tabindex=\"-1\" ><div class=\"elementor-post__thumbnail\"><img fetchpriority=\"high\" decoding=\"async\" width=\"1920\" height=\"1080\" src=\"https:\/\/keynotelawyers.com\/wp-content\/uploads\/2025\/05\/services_image.webp\" class=\"attachment-full size-full wp-image-865\" alt=\"Robert W\u00e4likangas och Victoria Andersson, Keynote Lawyers, Den juridiska byr\u00e5n f\u00f6r Tech, Telecom och Energy\" srcset=\"https:\/\/keynotelawyers.com\/wp-content\/uploads\/2025\/05\/services_image.webp 1920w, https:\/\/keynotelawyers.com\/wp-content\/uploads\/2025\/05\/services_image-300x169.webp 300w, https:\/\/keynotelawyers.com\/wp-content\/uploads\/2025\/05\/services_image-1024x576.webp 1024w, https:\/\/keynotelawyers.com\/wp-content\/uploads\/2025\/05\/services_image-768x432.webp 768w, https:\/\/keynotelawyers.com\/wp-content\/uploads\/2025\/05\/services_image-1536x864.webp 1536w\" sizes=\"(max-width: 1920px) 100vw, 1920px\" \/><\/div><\/a>\n\t\t\t\t<div class=\"elementor-post__text\">\n\t\t\t\t<h3 class=\"elementor-post__title\">\n\t\t\t<a href=\"https:\/\/keynotelawyers.com\/sv\/testartikel-utan-betalvagg-lorem-ipsum\/\" >\n\t\t\t\tTestartikel utan betalv\u00e4gg lorem ipsum\t\t\t<\/a>\n\t\t<\/h3>\n\t\t\t\t<div class=\"elementor-post__excerpt\">\n\t\t\t<p>Pellentesque habitant morbi tristique senectus et netus et malesuada fames ac turpis egestas. Fusce dapibus tellus ac cursus commodo. Integer posuere erat a ante venenatis dapibus. Nunc sed velit dignissim sodales ut eu sem. Vivamus sagittis lacus vel augue laoreet rutrum faucibus dolor auctor. Pellentesque habitant morbi tristique senectus et netus et malesuada fames ac turpis egestas. Fusce dapibus tellus ac cursus commodo. Integer posuere erat a ante venenatis dapibus. Nunc sed velit dignissim sodales<\/p>\n\t\t<\/div>\n\t\t\n\t\t<a class=\"elementor-post__read-more\" href=\"https:\/\/keynotelawyers.com\/sv\/testartikel-utan-betalvagg-lorem-ipsum\/\" aria-label=\"L\u00e4s mer om Testartikel utan betalv\u00e4gg lorem ipsum\" tabindex=\"-1\" >\n\t\t\tL\u00e4s mer \u00bb\t\t<\/a>\n\n\t\t\t\t<\/div>\n\t\t\t\t<div class=\"elementor-post__meta-data\">\n\t\t\t\t\t<span class=\"elementor-post-date\">\n\t\t\t1 april 2026\t\t<\/span>\n\t\t\t\t<\/div>\n\t\t\t\t\t<\/div>\n\t\t<\/article>\n\t\t\t\t<article class=\"elementor-post elementor-grid-item post-2495 post type-post status-publish format-standard has-post-thumbnail hentry category-premium-2 keynote-premium-post\" role=\"listitem\">\n\t\t\t<div class=\"elementor-post__card\">\n\t\t\t\t<a class=\"elementor-post__thumbnail__link\" href=\"https:\/\/keynotelawyers.com\/sv\/testartikel-bakom-betalvagg-lorem-ipsum\/\" tabindex=\"-1\" ><div class=\"elementor-post__thumbnail\"><img decoding=\"async\" width=\"1920\" height=\"1080\" src=\"https:\/\/keynotelawyers.com\/wp-content\/uploads\/2025\/05\/contact_image.webp\" class=\"attachment-full size-full wp-image-888\" alt=\"Robert W\u00e4likangas och Victoria Andersson, Keynote Lawyers, Den juridiska byr\u00e5n f\u00f6r Tech, Telecom och Energy\" srcset=\"https:\/\/keynotelawyers.com\/wp-content\/uploads\/2025\/05\/contact_image.webp 1920w, https:\/\/keynotelawyers.com\/wp-content\/uploads\/2025\/05\/contact_image-300x169.webp 300w, https:\/\/keynotelawyers.com\/wp-content\/uploads\/2025\/05\/contact_image-1024x576.webp 1024w, https:\/\/keynotelawyers.com\/wp-content\/uploads\/2025\/05\/contact_image-768x432.webp 768w, https:\/\/keynotelawyers.com\/wp-content\/uploads\/2025\/05\/contact_image-1536x864.webp 1536w\" sizes=\"(max-width: 1920px) 100vw, 1920px\" \/><\/div><\/a>\n\t\t\t\t<div class=\"elementor-post__text\">\n\t\t\t\t<h3 class=\"elementor-post__title\">\n\t\t\t<a href=\"https:\/\/keynotelawyers.com\/sv\/testartikel-bakom-betalvagg-lorem-ipsum\/\" >\n\t\t\t\tTestartikel bakom betalv\u00e4gg lorem ipsum\t\t\t<\/a>\n\t\t<\/h3>\n\t\t\t\t<div class=\"elementor-post__excerpt\">\n\t\t\t<p>Pellentesque habitant morbi tristique senectus et netus et malesuada fames ac turpis egestas. Fusce dapibus tellus ac cursus commodo. Integer posuere erat a ante venenatis dapibus. Nunc sed velit dignissim sodales ut eu sem. Vivamus sagittis lacus vel augue laoreet rutrum faucibus dolor auctor.<\/p>\n\t\t<\/div>\n\t\t\n\t\t<a class=\"elementor-post__read-more\" href=\"https:\/\/keynotelawyers.com\/sv\/testartikel-bakom-betalvagg-lorem-ipsum\/\" aria-label=\"L\u00e4s mer om Testartikel bakom betalv\u00e4gg lorem ipsum\" tabindex=\"-1\" >\n\t\t\tL\u00e4s mer \u00bb\t\t<\/a>\n\n\t\t\t\t<\/div>\n\t\t\t\t<div class=\"elementor-post__meta-data\">\n\t\t\t\t\t<span class=\"elementor-post-date\">\n\t\t\t1 april 2026\t\t<\/span>\n\t\t\t\t<\/div>\n\t\t\t\t\t<\/div>\n\t\t<\/article>\n\t\t\t\t<\/div>\n\t\t\t\t\t<span class=\"e-load-more-spinner\">\n\t\t\t\t<svg aria-hidden=\"true\" class=\"e-font-icon-svg e-fas-spinner\" viewBox=\"0 0 512 512\" xmlns=\"http:\/\/www.w3.org\/2000\/svg\"><path d=\"M304 48c0 26.51-21.49 48-48 48s-48-21.49-48-48 21.49-48 48-48 48 21.49 48 48zm-48 368c-26.51 0-48 21.49-48 48s21.49 48 48 48 48-21.49 48-48-21.49-48-48-48zm208-208c-26.51 0-48 21.49-48 48s21.49 48 48 48 48-21.49 48-48-21.49-48-48-48zM96 256c0-26.51-21.49-48-48-48S0 229.49 0 256s21.49 48 48 48 48-21.49 48-48zm12.922 99.078c-26.51 0-48 21.49-48 48s21.49 48 48 48 48-21.49 48-48c0-26.509-21.491-48-48-48zm294.156 0c-26.51 0-48 21.49-48 48s21.49 48 48 48 48-21.49 48-48c0-26.509-21.49-48-48-48zM108.922 60.922c-26.51 0-48 21.49-48 48s21.49 48 48 48 48-21.49 48-48-21.491-48-48-48z\"><\/path><\/svg>\t\t\t<\/span>\n\t\t\n\t\t\t\t\t\t<\/div>\n\t\t\t\t<\/div>\n\t\t\t\t<\/div>\n\t\t\t\t\t<\/div>\n\t\t\t\t<\/div>\n\t\t<div class=\"elementor-element elementor-element-3a47d5c elementor-hidden-desktop elementor-hidden-tablet elementor-hidden-mobile e-flex e-con-boxed e-con e-parent\" data-id=\"3a47d5c\" data-element_type=\"container\" data-e-type=\"container\" data-settings=\"{&quot;background_background&quot;:&quot;classic&quot;}\">\n\t\t\t\t\t<div class=\"e-con-inner\">\n\t\t<div class=\"elementor-element elementor-element-215979b e-con-full e-flex e-con e-child\" data-id=\"215979b\" data-element_type=\"container\" data-e-type=\"container\" data-settings=\"{&quot;background_background&quot;:&quot;classic&quot;}\">\n\t\t\t\t<\/div>\n\t\t\t\t\t<\/div>\n\t\t\t\t<\/div>\n\t\t\t\t<\/div>\n\t\t","protected":false},"excerpt":{"rendered":"<p>Pellentesque habitant morbi tristique senectus et netus et malesuada fames ac turpis egestas. Fusce dapibus tellus ac cursus commodo. Integer posuere erat a ante venenatis dapibus. Nunc sed velit dignissim sodales ut eu sem. Vivamus sagittis lacus vel augue laoreet rutrum faucibus dolor auctor.<\/p>\n","protected":false},"author":1,"featured_media":835,"parent":0,"menu_order":0,"comment_status":"closed","ping_status":"closed","template":"","meta":{"footnotes":""},"class_list":["post-2227","page","type-page","status-publish","has-post-thumbnail","hentry"],"yoast_head":"<!-- This site is optimized with the Yoast SEO plugin v27.2 - https:\/\/yoast.com\/product\/yoast-seo-wordpress\/ -->\n<title>Keynote Insights - Keynote Lawyers<\/title>\n<meta name=\"robots\" content=\"noindex, follow\" \/>\n<meta property=\"og:locale\" content=\"sv_SE\" \/>\n<meta property=\"og:type\" content=\"article\" \/>\n<meta property=\"og:title\" content=\"Keynote Insights - Keynote Lawyers\" \/>\n<meta property=\"og:description\" content=\"Pellentesque habitant morbi tristique senectus et netus et malesuada fames ac turpis egestas. Fusce dapibus tellus ac cursus commodo. Integer posuere erat a ante venenatis dapibus. Nunc sed velit dignissim sodales ut eu sem. Vivamus sagittis lacus vel augue laoreet rutrum faucibus dolor auctor.\" \/>\n<meta property=\"og:url\" content=\"https:\/\/keynotelawyers.com\/sv\/insights\/\" \/>\n<meta property=\"og:site_name\" content=\"Keynote Lawyers\" \/>\n<meta property=\"article:modified_time\" content=\"2026-04-18T13:06:59+00:00\" \/>\n<meta property=\"og:image\" content=\"https:\/\/keynotelawyers.com\/wp-content\/uploads\/2025\/05\/about_us_header.webp\" \/>\n\t<meta property=\"og:image:width\" content=\"1920\" \/>\n\t<meta property=\"og:image:height\" content=\"600\" \/>\n\t<meta property=\"og:image:type\" content=\"image\/webp\" \/>\n<meta name=\"twitter:card\" content=\"summary_large_image\" \/>\n<meta name=\"twitter:label1\" content=\"Ber\u00e4knad l\u00e4stid\" \/>\n\t<meta name=\"twitter:data1\" content=\"1 minut\" \/>\n<script type=\"application\/ld+json\" class=\"yoast-schema-graph\">{\"@context\":\"https:\/\/schema.org\",\"@graph\":[{\"@type\":\"WebPage\",\"@id\":\"https:\/\/keynotelawyers.com\/sv\/insights\/\",\"url\":\"https:\/\/keynotelawyers.com\/sv\/insights\/\",\"name\":\"Keynote Insights - Keynote Lawyers\",\"isPartOf\":{\"@id\":\"https:\/\/keynotelawyers.com\/sv\/#website\"},\"primaryImageOfPage\":{\"@id\":\"https:\/\/keynotelawyers.com\/sv\/insights\/#primaryimage\"},\"image\":{\"@id\":\"https:\/\/keynotelawyers.com\/sv\/insights\/#primaryimage\"},\"thumbnailUrl\":\"https:\/\/keynotelawyers.com\/wp-content\/uploads\/2025\/05\/about_us_header.webp\",\"datePublished\":\"2025-05-21T09:35:38+00:00\",\"dateModified\":\"2026-04-18T13:06:59+00:00\",\"breadcrumb\":{\"@id\":\"https:\/\/keynotelawyers.com\/sv\/insights\/#breadcrumb\"},\"inLanguage\":\"sv-SE\",\"potentialAction\":[{\"@type\":\"ReadAction\",\"target\":[\"https:\/\/keynotelawyers.com\/sv\/insights\/\"]}]},{\"@type\":\"ImageObject\",\"inLanguage\":\"sv-SE\",\"@id\":\"https:\/\/keynotelawyers.com\/sv\/insights\/#primaryimage\",\"url\":\"https:\/\/keynotelawyers.com\/wp-content\/uploads\/2025\/05\/about_us_header.webp\",\"contentUrl\":\"https:\/\/keynotelawyers.com\/wp-content\/uploads\/2025\/05\/about_us_header.webp\",\"width\":1920,\"height\":600,\"caption\":\"Keynote Lawyers: Den juridiska byr\u00e5n f\u00f6r tech, telekom och energi\"},{\"@type\":\"BreadcrumbList\",\"@id\":\"https:\/\/keynotelawyers.com\/sv\/insights\/#breadcrumb\",\"itemListElement\":[{\"@type\":\"ListItem\",\"position\":1,\"name\":\"Hem\",\"item\":\"https:\/\/keynotelawyers.com\/sv\/\"},{\"@type\":\"ListItem\",\"position\":2,\"name\":\"Keynote Insights\"}]},{\"@type\":\"WebSite\",\"@id\":\"https:\/\/keynotelawyers.com\/sv\/#website\",\"url\":\"https:\/\/keynotelawyers.com\/sv\/\",\"name\":\"Keynote Lawyers\",\"description\":\"\",\"potentialAction\":[{\"@type\":\"SearchAction\",\"target\":{\"@type\":\"EntryPoint\",\"urlTemplate\":\"https:\/\/keynotelawyers.com\/sv\/?s={search_term_string}\"},\"query-input\":{\"@type\":\"PropertyValueSpecification\",\"valueRequired\":true,\"valueName\":\"search_term_string\"}}],\"inLanguage\":\"sv-SE\"}]}<\/script>\n<!-- \/ Yoast SEO plugin. -->","yoast_head_json":{"title":"Keynote Insights - Keynote Lawyers","robots":{"index":"noindex","follow":"follow"},"og_locale":"sv_SE","og_type":"article","og_title":"Keynote Insights - Keynote Lawyers","og_description":"Pellentesque habitant morbi tristique senectus et netus et malesuada fames ac turpis egestas. Fusce dapibus tellus ac cursus commodo. Integer posuere erat a ante venenatis dapibus. Nunc sed velit dignissim sodales ut eu sem. Vivamus sagittis lacus vel augue laoreet rutrum faucibus dolor auctor.","og_url":"https:\/\/keynotelawyers.com\/sv\/insights\/","og_site_name":"Keynote Lawyers","article_modified_time":"2026-04-18T13:06:59+00:00","og_image":[{"width":1920,"height":600,"url":"https:\/\/keynotelawyers.com\/wp-content\/uploads\/2025\/05\/about_us_header.webp","type":"image\/webp"}],"twitter_card":"summary_large_image","twitter_misc":{"Ber\u00e4knad l\u00e4stid":"1 minut"},"schema":{"@context":"https:\/\/schema.org","@graph":[{"@type":"WebPage","@id":"https:\/\/keynotelawyers.com\/sv\/insights\/","url":"https:\/\/keynotelawyers.com\/sv\/insights\/","name":"Keynote Insights - Keynote Lawyers","isPartOf":{"@id":"https:\/\/keynotelawyers.com\/sv\/#website"},"primaryImageOfPage":{"@id":"https:\/\/keynotelawyers.com\/sv\/insights\/#primaryimage"},"image":{"@id":"https:\/\/keynotelawyers.com\/sv\/insights\/#primaryimage"},"thumbnailUrl":"https:\/\/keynotelawyers.com\/wp-content\/uploads\/2025\/05\/about_us_header.webp","datePublished":"2025-05-21T09:35:38+00:00","dateModified":"2026-04-18T13:06:59+00:00","breadcrumb":{"@id":"https:\/\/keynotelawyers.com\/sv\/insights\/#breadcrumb"},"inLanguage":"sv-SE","potentialAction":[{"@type":"ReadAction","target":["https:\/\/keynotelawyers.com\/sv\/insights\/"]}]},{"@type":"ImageObject","inLanguage":"sv-SE","@id":"https:\/\/keynotelawyers.com\/sv\/insights\/#primaryimage","url":"https:\/\/keynotelawyers.com\/wp-content\/uploads\/2025\/05\/about_us_header.webp","contentUrl":"https:\/\/keynotelawyers.com\/wp-content\/uploads\/2025\/05\/about_us_header.webp","width":1920,"height":600,"caption":"Keynote Lawyers: Den juridiska byr\u00e5n f\u00f6r tech, telekom och energi"},{"@type":"BreadcrumbList","@id":"https:\/\/keynotelawyers.com\/sv\/insights\/#breadcrumb","itemListElement":[{"@type":"ListItem","position":1,"name":"Hem","item":"https:\/\/keynotelawyers.com\/sv\/"},{"@type":"ListItem","position":2,"name":"Keynote Insights"}]},{"@type":"WebSite","@id":"https:\/\/keynotelawyers.com\/sv\/#website","url":"https:\/\/keynotelawyers.com\/sv\/","name":"Keynote Lawyers","description":"","potentialAction":[{"@type":"SearchAction","target":{"@type":"EntryPoint","urlTemplate":"https:\/\/keynotelawyers.com\/sv\/?s={search_term_string}"},"query-input":{"@type":"PropertyValueSpecification","valueRequired":true,"valueName":"search_term_string"}}],"inLanguage":"sv-SE"}]}},"_links":{"self":[{"href":"https:\/\/keynotelawyers.com\/sv\/wp-json\/wp\/v2\/pages\/2227","targetHints":{"allow":["GET"]}}],"collection":[{"href":"https:\/\/keynotelawyers.com\/sv\/wp-json\/wp\/v2\/pages"}],"about":[{"href":"https:\/\/keynotelawyers.com\/sv\/wp-json\/wp\/v2\/types\/page"}],"author":[{"embeddable":true,"href":"https:\/\/keynotelawyers.com\/sv\/wp-json\/wp\/v2\/users\/1"}],"replies":[{"embeddable":true,"href":"https:\/\/keynotelawyers.com\/sv\/wp-json\/wp\/v2\/comments?post=2227"}],"version-history":[{"count":5,"href":"https:\/\/keynotelawyers.com\/sv\/wp-json\/wp\/v2\/pages\/2227\/revisions"}],"predecessor-version":[{"id":2656,"href":"https:\/\/keynotelawyers.com\/sv\/wp-json\/wp\/v2\/pages\/2227\/revisions\/2656"}],"wp:featuredmedia":[{"embeddable":true,"href":"https:\/\/keynotelawyers.com\/sv\/wp-json\/wp\/v2\/media\/835"}],"wp:attachment":[{"href":"https:\/\/keynotelawyers.com\/sv\/wp-json\/wp\/v2\/media?parent=2227"}],"curies":[{"name":"wp","href":"https:\/\/api.w.org\/{rel}","templated":true}]}}