{"id":808,"date":"2025-04-09T05:44:51","date_gmt":"2025-04-09T04:44:51","guid":{"rendered":"https:\/\/keynotelawyers.com\/policy-for-cookies\/"},"modified":"2025-05-05T20:50:32","modified_gmt":"2025-05-05T19:50:32","slug":"cookiepolicy","status":"publish","type":"page","link":"https:\/\/keynotelawyers.com\/sv\/cookiepolicy\/","title":{"rendered":"Cookiepolicy"},"content":{"rendered":"\t\t<div data-elementor-type=\"wp-page\" data-elementor-id=\"808\" class=\"elementor elementor-808 elementor-492\" data-elementor-post-type=\"page\">\n\t\t\t\t<div class=\"elementor-element elementor-element-4de9eb50 e-flex e-con-boxed e-con e-parent\" data-id=\"4de9eb50\" data-element_type=\"container\" data-e-type=\"container\">\n\t\t\t\t\t<div class=\"e-con-inner\">\n\t\t\t\t<div class=\"elementor-element elementor-element-370a5fa4 elementor-widget elementor-widget-text-editor\" data-id=\"370a5fa4\" data-element_type=\"widget\" data-e-type=\"widget\" data-widget_type=\"text-editor.default\">\n\t\t\t\t<div class=\"elementor-widget-container\">\n\t\t\t\t\t\t\t\t\t<p><span style=\"letter-spacing: 0.84px;\">P\u00e5 v\u00e5r webbplats v\u00e4rdes\u00e4tter vi din integritet och str\u00e4var efter att vara \u00f6ppna med hur vi anv\u00e4nder cookies f\u00f6r att f\u00f6rb\u00e4ttra din upplevelse. F\u00f6r att ge dig full kontroll \u00f6ver de cookies som anv\u00e4nds n\u00e4r du bes\u00f6ker v\u00e5r webbplats har vi implementerat en cookiebanner som g\u00f6r att du enkelt kan anpassa dina inst\u00e4llningar.<\/span><\/p>\n<p>F\u00f6r att l\u00e4ra dig mer om och justera vilka cookies som anv\u00e4nds under ditt bes\u00f6k, v\u00e4nligen leta efter cookie-ikonen l\u00e4ngst ner till v\u00e4nster p\u00e5 din sk\u00e4rm. Om du klickar p\u00e5 den h\u00e4r ikonen \u00f6ppnas v\u00e5r cookiehanterare, d\u00e4r du kan se en detaljerad lista \u00f6ver de cookies vi anv\u00e4nder. H\u00e4r har du ocks\u00e5 m\u00f6jlighet att justera dina inst\u00e4llningar &#8211; du kan v\u00e4lja att acceptera alla cookies, avvisa icke-v\u00e4sentliga cookies eller skr\u00e4ddarsy dina inst\u00e4llningar ytterligare efter dina specifika behov.<\/p>\n<p>V\u00e5r cookiehanterare ger information om varje cookies syfte, typ och lagringsperiod, vilket g\u00f6r det enkelt f\u00f6r dig att fatta ett v\u00e4lgrundat beslut om din cookieanv\u00e4ndning p\u00e5 v\u00e5r webbplats. Vi uppdaterar regelbundet v\u00e5r cookieinformation f\u00f6r att \u00e5terspegla eventuella \u00e4ndringar och se till att du alltid har de senaste uppgifterna.<\/p>\n<p>Om du har n\u00e5gra fr\u00e5gor eller funderingar kring v\u00e5r anv\u00e4ndning av cookies \u00e4r du v\u00e4lkommen att kontakta oss f\u00f6r mer information. Vi finns h\u00e4r f\u00f6r att hj\u00e4lpa dig och se till att din upplevelse p\u00e5 v\u00e5r webbplats blir s\u00e5 trevlig och s\u00e4ker som m\u00f6jligt.<\/p>\t\t\t\t\t\t\t\t<\/div>\n\t\t\t\t<\/div>\n\t\t\t\t\t<\/div>\n\t\t\t\t<\/div>\n\t\t\t\t<\/div>\n\t\t","protected":false},"excerpt":{"rendered":"<p>P\u00e5 v\u00e5r webbplats v\u00e4rdes\u00e4tter vi din integritet och str\u00e4var efter att vara \u00f6ppna med hur vi anv\u00e4nder cookies f\u00f6r att f\u00f6rb\u00e4ttra din upplevelse. F\u00f6r att ge dig full kontroll \u00f6ver de cookies som anv\u00e4nds n\u00e4r du bes\u00f6ker v\u00e5r webbplats har vi implementerat en cookiebanner som g\u00f6r att du enkelt kan anpassa dina inst\u00e4llningar. F\u00f6r att [&hellip;]<\/p>\n","protected":false},"author":1,"featured_media":0,"parent":0,"menu_order":0,"comment_status":"closed","ping_status":"closed","template":"","meta":{"footnotes":""},"class_list":["post-808","page","type-page","status-publish","hentry"],"yoast_head":"<!-- This site is optimized with the Yoast SEO plugin v27.2 - https:\/\/yoast.com\/product\/yoast-seo-wordpress\/ -->\n<title>Cookiepolicy - Keynote Lawyers<\/title>\n<meta name=\"robots\" content=\"index, follow, max-snippet:-1, max-image-preview:large, max-video-preview:-1\" \/>\n<link rel=\"canonical\" href=\"https:\/\/keynotelawyers.com\/sv\/cookiepolicy\/\" \/>\n<meta property=\"og:locale\" content=\"sv_SE\" \/>\n<meta property=\"og:type\" content=\"article\" \/>\n<meta property=\"og:title\" content=\"Cookiepolicy - Keynote Lawyers\" \/>\n<meta property=\"og:description\" content=\"P\u00e5 v\u00e5r webbplats v\u00e4rdes\u00e4tter vi din integritet och str\u00e4var efter att vara \u00f6ppna med hur vi anv\u00e4nder cookies f\u00f6r att f\u00f6rb\u00e4ttra din upplevelse. F\u00f6r att ge dig full kontroll \u00f6ver de cookies som anv\u00e4nds n\u00e4r du bes\u00f6ker v\u00e5r webbplats har vi implementerat en cookiebanner som g\u00f6r att du enkelt kan anpassa dina inst\u00e4llningar. F\u00f6r att [&hellip;]\" \/>\n<meta property=\"og:url\" content=\"https:\/\/keynotelawyers.com\/sv\/cookiepolicy\/\" \/>\n<meta property=\"og:site_name\" content=\"Keynote Lawyers\" \/>\n<meta property=\"article:modified_time\" content=\"2025-05-05T19:50:32+00:00\" \/>\n<meta name=\"twitter:card\" content=\"summary_large_image\" \/>\n<meta name=\"twitter:label1\" content=\"Ber\u00e4knad l\u00e4stid\" \/>\n\t<meta name=\"twitter:data1\" content=\"1 minut\" \/>\n<script type=\"application\/ld+json\" class=\"yoast-schema-graph\">{\"@context\":\"https:\/\/schema.org\",\"@graph\":[{\"@type\":\"WebPage\",\"@id\":\"https:\/\/keynotelawyers.com\/sv\/cookiepolicy\/\",\"url\":\"https:\/\/keynotelawyers.com\/sv\/cookiepolicy\/\",\"name\":\"Cookiepolicy - Keynote Lawyers\",\"isPartOf\":{\"@id\":\"https:\/\/keynotelawyers.com\/sv\/#website\"},\"datePublished\":\"2025-04-09T04:44:51+00:00\",\"dateModified\":\"2025-05-05T19:50:32+00:00\",\"breadcrumb\":{\"@id\":\"https:\/\/keynotelawyers.com\/sv\/cookiepolicy\/#breadcrumb\"},\"inLanguage\":\"sv-SE\",\"potentialAction\":[{\"@type\":\"ReadAction\",\"target\":[\"https:\/\/keynotelawyers.com\/sv\/cookiepolicy\/\"]}]},{\"@type\":\"BreadcrumbList\",\"@id\":\"https:\/\/keynotelawyers.com\/sv\/cookiepolicy\/#breadcrumb\",\"itemListElement\":[{\"@type\":\"ListItem\",\"position\":1,\"name\":\"Hem\",\"item\":\"https:\/\/keynotelawyers.com\/sv\/\"},{\"@type\":\"ListItem\",\"position\":2,\"name\":\"Cookiepolicy\"}]},{\"@type\":\"WebSite\",\"@id\":\"https:\/\/keynotelawyers.com\/sv\/#website\",\"url\":\"https:\/\/keynotelawyers.com\/sv\/\",\"name\":\"Keynote Lawyers\",\"description\":\"\",\"potentialAction\":[{\"@type\":\"SearchAction\",\"target\":{\"@type\":\"EntryPoint\",\"urlTemplate\":\"https:\/\/keynotelawyers.com\/sv\/?s={search_term_string}\"},\"query-input\":{\"@type\":\"PropertyValueSpecification\",\"valueRequired\":true,\"valueName\":\"search_term_string\"}}],\"inLanguage\":\"sv-SE\"}]}<\/script>\n<!-- \/ Yoast SEO plugin. -->","yoast_head_json":{"title":"Cookiepolicy - Keynote Lawyers","robots":{"index":"index","follow":"follow","max-snippet":"max-snippet:-1","max-image-preview":"max-image-preview:large","max-video-preview":"max-video-preview:-1"},"canonical":"https:\/\/keynotelawyers.com\/sv\/cookiepolicy\/","og_locale":"sv_SE","og_type":"article","og_title":"Cookiepolicy - Keynote Lawyers","og_description":"P\u00e5 v\u00e5r webbplats v\u00e4rdes\u00e4tter vi din integritet och str\u00e4var efter att vara \u00f6ppna med hur vi anv\u00e4nder cookies f\u00f6r att f\u00f6rb\u00e4ttra din upplevelse. F\u00f6r att ge dig full kontroll \u00f6ver de cookies som anv\u00e4nds n\u00e4r du bes\u00f6ker v\u00e5r webbplats har vi implementerat en cookiebanner som g\u00f6r att du enkelt kan anpassa dina inst\u00e4llningar. F\u00f6r att [&hellip;]","og_url":"https:\/\/keynotelawyers.com\/sv\/cookiepolicy\/","og_site_name":"Keynote Lawyers","article_modified_time":"2025-05-05T19:50:32+00:00","twitter_card":"summary_large_image","twitter_misc":{"Ber\u00e4knad l\u00e4stid":"1 minut"},"schema":{"@context":"https:\/\/schema.org","@graph":[{"@type":"WebPage","@id":"https:\/\/keynotelawyers.com\/sv\/cookiepolicy\/","url":"https:\/\/keynotelawyers.com\/sv\/cookiepolicy\/","name":"Cookiepolicy - Keynote Lawyers","isPartOf":{"@id":"https:\/\/keynotelawyers.com\/sv\/#website"},"datePublished":"2025-04-09T04:44:51+00:00","dateModified":"2025-05-05T19:50:32+00:00","breadcrumb":{"@id":"https:\/\/keynotelawyers.com\/sv\/cookiepolicy\/#breadcrumb"},"inLanguage":"sv-SE","potentialAction":[{"@type":"ReadAction","target":["https:\/\/keynotelawyers.com\/sv\/cookiepolicy\/"]}]},{"@type":"BreadcrumbList","@id":"https:\/\/keynotelawyers.com\/sv\/cookiepolicy\/#breadcrumb","itemListElement":[{"@type":"ListItem","position":1,"name":"Hem","item":"https:\/\/keynotelawyers.com\/sv\/"},{"@type":"ListItem","position":2,"name":"Cookiepolicy"}]},{"@type":"WebSite","@id":"https:\/\/keynotelawyers.com\/sv\/#website","url":"https:\/\/keynotelawyers.com\/sv\/","name":"Keynote Lawyers","description":"","potentialAction":[{"@type":"SearchAction","target":{"@type":"EntryPoint","urlTemplate":"https:\/\/keynotelawyers.com\/sv\/?s={search_term_string}"},"query-input":{"@type":"PropertyValueSpecification","valueRequired":true,"valueName":"search_term_string"}}],"inLanguage":"sv-SE"}]}},"_links":{"self":[{"href":"https:\/\/keynotelawyers.com\/sv\/wp-json\/wp\/v2\/pages\/808","targetHints":{"allow":["GET"]}}],"collection":[{"href":"https:\/\/keynotelawyers.com\/sv\/wp-json\/wp\/v2\/pages"}],"about":[{"href":"https:\/\/keynotelawyers.com\/sv\/wp-json\/wp\/v2\/types\/page"}],"author":[{"embeddable":true,"href":"https:\/\/keynotelawyers.com\/sv\/wp-json\/wp\/v2\/users\/1"}],"replies":[{"embeddable":true,"href":"https:\/\/keynotelawyers.com\/sv\/wp-json\/wp\/v2\/comments?post=808"}],"version-history":[{"count":8,"href":"https:\/\/keynotelawyers.com\/sv\/wp-json\/wp\/v2\/pages\/808\/revisions"}],"predecessor-version":[{"id":1289,"href":"https:\/\/keynotelawyers.com\/sv\/wp-json\/wp\/v2\/pages\/808\/revisions\/1289"}],"wp:attachment":[{"href":"https:\/\/keynotelawyers.com\/sv\/wp-json\/wp\/v2\/media?parent=808"}],"curies":[{"name":"wp","href":"https:\/\/api.w.org\/{rel}","templated":true}]}}